{"id":73967,"date":"2026-04-16T00:52:02","date_gmt":"2026-04-16T00:52:02","guid":{"rendered":"https:\/\/salmarwoo.multiplikate.com\/?post_type=product&#038;p=73967"},"modified":"2026-04-16T00:52:27","modified_gmt":"2026-04-16T00:52:27","slug":"obra-nueva-en-arroyo-de-la-miel-benalmadena-copia-2","status":"publish","type":"product","link":"https:\/\/salmarwoo.multiplikate.com\/index.php\/producto\/obra-nueva-en-arroyo-de-la-miel-benalmadena-copia-2\/","title":{"rendered":"Obra nueva en Arroyo de la Miel, Benalm\u00e1dena (copia)"},"content":{"rendered":"<div class=\"elementor-widget-container\">\n<h3>Exclusivo edificio de 30 viviendas, 12 trasteros, 60 plazas de aparcamiento y piscina construidos con eficiencia, sostenibilidad y excelente calidad.<\/h3>\n<p>&nbsp;<\/p>\n<\/div>\n<p>&nbsp;<\/p>\n<div class=\"elementor-widget-container\">\n<p>Viviendas situadas en el coraz\u00f3n de Arroyo de la Miel.<\/p>\n<p>A 8 min andando del centro de Arroyo de la Miel.<\/p>\n<p>A 10 min andando de la estaci\u00f3n de tren de Cercan\u00edas.<\/p>\n<p>A 5 min en coche de la playa, a 2 km de Puerto Marina.<\/p>\n<p>&nbsp;<\/p>\n<\/div>\n<p>&nbsp;<\/p>\n<div class=\"elementor-widget-container\">\n<h3>Con todos los servicios a un paso:<\/h3>\n<p>&nbsp;<\/p>\n<\/div>\n<div class=\"elementor-widget-container\">\n<p>Colegios, institutos, medios de transporte, farmacia, centros m\u00e9dicos, supermercados, bares y gimnasios.<\/p>\n<p>&nbsp;<\/p>\n<\/div>\n<p>&nbsp;<\/p>\n<div class=\"elementor-widget-container\">\n<h3>Disfruta de un nuevo nivel de calidad de vida<\/h3>\n<p>&nbsp;<\/p>\n<\/div>\n<div class=\"elementor-widget-container\">\n<p>Aplicamos un modelo de construcci\u00f3n que reduce las emisiones de CO2 y ahorra m\u00e1s del 30% en la factura de la luz.<\/p>\n<p>Materiales sostenibles de m\u00e1xima calidad.<br \/>\nClimatizaci\u00f3n y agua caliente mediante aerotermia.<br \/>\nDise\u00f1o moderno e iluminaci\u00f3n LED.<\/p>\n<p>El edificio consta de 30 viviendas de 2 y 3 dormitorios, adem\u00e1s de 1 sol\u00e1rium en cubierta con piscina, vestidores y duchas.<\/p>\n<p>&nbsp;<\/p>\n<\/div>\n<p>&nbsp;<\/p>\n<div class=\"elementor-widget-container\">\n<h3>Tipolog\u00edas de Viviendas<\/h3>\n<p>&nbsp;<\/p>\n<\/div>\n<div class=\"elementor-widget-container\">\n<ul>\n<li>Bajos de 2 dormitorios y 2 ba\u00f1os con amplios jardines.<\/li>\n<li>Bajos de 3 dormitorios y 2 ba\u00f1os con amplios jardines.<\/li>\n<li>Pisos de 2 dormitorios y 2 ba\u00f1os con terrazas.<\/li>\n<li>Pisos de 3 dormitorios y 2 ba\u00f1os con terrazas.<\/li>\n<li>\u00c1tico de 3 dormitorios y 2 ba\u00f1os con terrazas.<\/li>\n<\/ul>\n<p>Adem\u00e1s, cuenta con 60 plazas de aparcamiento y 12 trasteros, repartidos en 2 plantas s\u00f3tano.<\/p>\n<p><strong>Entrega aproximada: inicio de 2024.<\/strong><\/p>\n<\/div>\n","protected":false},"excerpt":{"rendered":"<p>Exclusivo edificio de 30 viviendas, 12 trasteros, 60 plazas de aparcamiento y piscina construidos con eficiencia, sostenibilidad y excelente calidad. &nbsp; &nbsp; Viviendas situadas en el coraz\u00f3n de Arroyo de la Miel. A 8 min andando del centro de Arroyo de la Miel. A 10 min andando de la estaci\u00f3n de tren de Cercan\u00edas. A [&hellip;]<\/p>\n","protected":false},"featured_media":73820,"comment_status":"open","ping_status":"closed","template":"","meta":{"_et_pb_use_builder":"","_et_pb_old_content":"","_et_gb_content_width":""},"product_brand":[],"product_cat":[202],"product_tag":[],"class_list":{"0":"post-73967","1":"product","2":"type-product","3":"status-publish","4":"has-post-thumbnail","6":"product_cat-sin-categorizar","8":"first","9":"instock","10":"shipping-taxable","11":"purchasable","12":"product-type-simple"},"_links":{"self":[{"href":"https:\/\/salmarwoo.multiplikate.com\/index.php\/wp-json\/wp\/v2\/product\/73967","targetHints":{"allow":["GET"]}}],"collection":[{"href":"https:\/\/salmarwoo.multiplikate.com\/index.php\/wp-json\/wp\/v2\/product"}],"about":[{"href":"https:\/\/salmarwoo.multiplikate.com\/index.php\/wp-json\/wp\/v2\/types\/product"}],"replies":[{"embeddable":true,"href":"https:\/\/salmarwoo.multiplikate.com\/index.php\/wp-json\/wp\/v2\/comments?post=73967"}],"wp:featuredmedia":[{"embeddable":true,"href":"https:\/\/salmarwoo.multiplikate.com\/index.php\/wp-json\/wp\/v2\/media\/73820"}],"wp:attachment":[{"href":"https:\/\/salmarwoo.multiplikate.com\/index.php\/wp-json\/wp\/v2\/media?parent=73967"}],"wp:term":[{"taxonomy":"product_brand","embeddable":true,"href":"https:\/\/salmarwoo.multiplikate.com\/index.php\/wp-json\/wp\/v2\/product_brand?post=73967"},{"taxonomy":"product_cat","embeddable":true,"href":"https:\/\/salmarwoo.multiplikate.com\/index.php\/wp-json\/wp\/v2\/product_cat?post=73967"},{"taxonomy":"product_tag","embeddable":true,"href":"https:\/\/salmarwoo.multiplikate.com\/index.php\/wp-json\/wp\/v2\/product_tag?post=73967"}],"curies":[{"name":"wp","href":"https:\/\/api.w.org\/{rel}","templated":true}]}}