{"id":73974,"date":"2026-04-16T19:40:37","date_gmt":"2026-04-16T19:40:37","guid":{"rendered":"https:\/\/salmarwoo.multiplikate.com\/?post_type=product&#038;p=73974"},"modified":"2026-04-17T09:45:47","modified_gmt":"2026-04-17T09:45:47","slug":"pisos-de-2-y-3-dormitorios-entre-benalmadena-y-fuengirola","status":"publish","type":"product","link":"https:\/\/salmarwoo.multiplikate.com\/index.php\/producto\/pisos-de-2-y-3-dormitorios-entre-benalmadena-y-fuengirola\/","title":{"rendered":"Promoci\u00f3n en Fuengirola"},"content":{"rendered":"<div class=\"elementor-element elementor-element-63475d4e elementor-widget elementor-widget-heading\" data-id=\"63475d4e\" data-element_type=\"widget\" data-widget_type=\"heading.default\">\n<div class=\"elementor-widget-container\">\n<section class=\"elementor-section elementor-top-section elementor-element elementor-element-1901388f elementor-section-boxed elementor-section-height-default elementor-section-height-default\" data-id=\"1901388f\" data-element_type=\"section\">\n<div class=\"elementor-container elementor-column-gap-default\">\n<div class=\"elementor-column elementor-col-100 elementor-top-column elementor-element elementor-element-39a683b5\" data-id=\"39a683b5\" data-element_type=\"column\">\n<div class=\"elementor-widget-wrap elementor-element-populated\">\n<section class=\"elementor-section elementor-inner-section elementor-element elementor-element-c46720e elementor-reverse-tablet elementor-reverse-mobile elementor-section-boxed elementor-section-height-default elementor-section-height-default\" data-id=\"c46720e\" data-element_type=\"section\">\n<div class=\"elementor-container elementor-column-gap-default\">\n<div class=\"elementor-column elementor-col-50 elementor-inner-column elementor-element elementor-element-1f03dd74\" data-id=\"1f03dd74\" data-element_type=\"column\">\n<div class=\"elementor-widget-wrap elementor-element-populated\">\n<div class=\"elementor-element elementor-element-63475d4e elementor-widget elementor-widget-heading\" data-id=\"63475d4e\" data-element_type=\"widget\" data-widget_type=\"heading.default\">\n<div class=\"elementor-widget-container\">\n<h3 class=\"elementor-heading-title elementor-size-default\">Edificio nueva construcci\u00f3n con 49 viviendas, piscina y sol\u00e1rium.<\/h3>\n<\/div>\n<\/div>\n<div class=\"elementor-element elementor-element-2c1a1517 elementor-widget elementor-widget-text-editor\" data-id=\"2c1a1517\" data-element_type=\"widget\" data-widget_type=\"text-editor.default\">\n<div class=\"elementor-widget-container\">\n<p>Ubicado en una zona c\u00e9ntrica, con magn\u00edficas comunicaciones y todos los servicios y comercios a un paso.<\/p>\n<p>Viviendas espaciosas con amplias terrazas y distintas configuraciones, superficies y orientaciones adecuadas para cada cliente. El edificio cuenta con dos ascensores y piscina comunitaria en cubierta con zona Chill-out.<\/p>\n<p>&nbsp;<\/p>\n<\/div>\n<\/div>\n<div class=\"elementor-element elementor-element-317827a elementor-widget elementor-widget-spacer\" data-id=\"317827a\" data-element_type=\"widget\" data-widget_type=\"spacer.default\">\n<div class=\"elementor-widget-container\">\n<div class=\"elementor-spacer\">\n<div class=\"elementor-spacer-inner\"><\/div>\n<\/div>\n<\/div>\n<\/div>\n<div class=\"elementor-element elementor-element-2cb3f7be elementor-widget elementor-widget-heading\" data-id=\"2cb3f7be\" data-element_type=\"widget\" data-widget_type=\"heading.default\">\n<div class=\"elementor-widget-container\">\n<h3 class=\"elementor-heading-title elementor-size-default\">Tipolog\u00eda:<\/h3>\n<\/div>\n<\/div>\n<div class=\"elementor-element elementor-element-69422bb1 elementor-widget elementor-widget-text-editor\" data-id=\"69422bb1\" data-element_type=\"widget\" data-widget_type=\"text-editor.default\">\n<div class=\"elementor-widget-container\">\n<p>Planta baja: 6 viviendas (5 viviendas de 2 dormitorios y 1 vivienda de un dormitorio). Ver distribuci\u00f3n en planos.<\/p>\n<p>Planta 1o a 5a: en cada planta 8 viviendas (2 viviendas de 1 dormitorio, 3 viviendas de 2 dormitorios y 3 viviendas de 3 dormitorios). Ver distribuci\u00f3n en planos.<\/p>\n<p>Planta \u00e1tico: 3 viviendas de 3 dormitorios. Ver distribuci\u00f3n en planos.<\/p>\n<\/div>\n<\/div>\n<div class=\"elementor-element elementor-element-66be333e elementor-widget elementor-widget-spacer\" data-id=\"66be333e\" data-element_type=\"widget\" data-widget_type=\"spacer.default\">\n<div class=\"elementor-widget-container\">\n<div class=\"elementor-spacer\">\n<div class=\"elementor-spacer-inner\"><\/div>\n<\/div>\n<\/div>\n<\/div>\n<\/div>\n<\/div>\n<\/div>\n<\/section>\n<\/div>\n<\/div>\n<\/div>\n<\/section>\n<section class=\"elementor-section elementor-top-section elementor-element elementor-element-84b6fb9 elementor-section-boxed elementor-section-height-default elementor-section-height-default\" data-id=\"84b6fb9\" data-element_type=\"section\">\n<div class=\"elementor-container elementor-column-gap-default\">\n<div class=\"elementor-column elementor-col-100 elementor-top-column elementor-element elementor-element-e8063fa\" data-id=\"e8063fa\" data-element_type=\"column\">\n<div class=\"elementor-widget-wrap elementor-element-populated\">\n<div class=\"elementor-element elementor-element-ba14714 elementor-widget elementor-widget-heading\" data-id=\"ba14714\" data-element_type=\"widget\" data-widget_type=\"heading.default\">\n<div class=\"elementor-widget-container\">\n<h3 class=\"elementor-heading-title elementor-size-default\">Todas las viviendas disponen de:<\/h3>\n<\/div>\n<\/div>\n<div class=\"elementor-element elementor-element-8168471 elementor-widget elementor-widget-text-editor\" data-id=\"8168471\" data-element_type=\"widget\" data-widget_type=\"text-editor.default\">\n<div class=\"elementor-widget-container\">\n<p>\u2022 Carpinter\u00eda interior: puerta blindada en acceso a la vivienda, lacada en blanco, con herrajes de seguridad; puerta de paso de hoja plana con acabado lacado blanco; armarios modulares de puertas correderas, con interior acabado en melamina, balda de maletero y barra de colgar.<br \/>\n\u2022 Pavimentos y revestimientos: pavimento en interior de vivienda de gres porcel\u00e1nico. En zonas h\u00famedas se usar\u00e1 placas antideslizantes. Alicatado de ba\u00f1os y cocinas con gres porcel\u00e1nico (color blanco brillo) con pa\u00f1os decorados.<br \/>\n\u2022 Climatizaci\u00f3n y agua caliente: Instalaci\u00f3n de aire acondicionado mediante conductos con rejillas en sal\u00f3n y dormitorios.<\/p>\n<p>Instalaci\u00f3n de paneles solares para producci\u00f3n centralizada de agua caliente sanitaria y aporte de energ\u00eda auxiliar mediante calentador el\u00e9ctrico individual.<br \/>\n\u2022 Aparatos sanitarios y grifer\u00eda: aparatos sanitarios serie \u201cThe Gap\u201d de Roca, y grifer\u00edas monomandos serie \u201cCala\u201d de Roca.<\/p>\n<p>Ba\u00f1eras de chapa de acero modelo \u201cPrincess\u201d de Roca y platos de ducha de porcelana sanitaria modelo \u201cTerran\u201d de Roca.<br \/>\nTodos en color de blanco, mueble con lavabo y espejo en ba\u00f1o principal y mamparas en ba\u00f1o y ducha.<\/p>\n<p>No viene instalado el bid\u00e9, pero si el cliente lo quiere se le instalar\u00eda sin coste alguno.<br \/>\n\u2022 Electricidad y Telecomunicaciones: captaci\u00f3n y distribuci\u00f3n de radiodifusi\u00f3n sonora y de TV terrenales, preinstalaci\u00f3n para equipos de recepci\u00f3n por sat\u00e9lite, acceso y distribuci\u00f3n de servicios de telecomunicaciones de telefon\u00eda b\u00e1sica, roseta de fibra \u00f3ptica. Video portero inteligente.<br \/>\n\u2022 Mobiliario y equipamiento de cocina: cocina amueblada en color lacado blanco brillo, encimera de material compacto gris oscuro. Incluye horno el\u00e9ctrico, placa vitrocer\u00e1mica, campana decorativa, frigor\u00edfico, lavadora y fregadero de acero inoxidable y grifer\u00eda monomando<br \/>\n\u2022 Zonas comunes, urbanizaci\u00f3n y varios: zona chill-out y piscina comunitaria en cubierta del edificio. Portal solado en gres porcel\u00e1nico, iluminaci\u00f3n led en accesos y viales interiores. En garaje, ventilaci\u00f3n forzada, detecci\u00f3n y control de CO, protecci\u00f3n contra incendios e iluminaci\u00f3n de emergencia, seg\u00fan normas. Se instalar\u00e1 dos ascensores el\u00e9ctricos con puertas telesc\u00f3picas, comunicando todas las plantas de acceso com\u00fan, desde el s\u00f3tano -3 al \u00e1tico.<\/p>\n<p>&nbsp;<\/p>\n<\/div>\n<\/div>\n<div class=\"elementor-element elementor-element-6fcbbe8 elementor-widget elementor-widget-heading\" data-id=\"6fcbbe8\" data-element_type=\"widget\" data-widget_type=\"heading.default\">\n<div class=\"elementor-widget-container\">\n<h3 class=\"elementor-heading-title elementor-size-default\">Todas las viviendas disponen de:<\/h3>\n<\/div>\n<\/div>\n<div class=\"elementor-element elementor-element-0a30c3b elementor-widget elementor-widget-text-editor\" data-id=\"0a30c3b\" data-element_type=\"widget\" data-widget_type=\"text-editor.default\">\n<div class=\"elementor-widget-container\">\n<p>\u2022 Una plaza de aparcamiento.<br \/>\n\u2022 Cocina amueblada y equipada con placa vitrocer\u00e1mica, horno, campana extractora decorativa, frigor\u00edfico y lavadora. Encimera material compacto.<br \/>\n\u2022 Mueble lavabo con espejo en dormitorio principal.<br \/>\n\u2022 Mamparas en recinto de ba\u00f1era y ducha, con grifer\u00eda monomando de primera marca.<br \/>\n\u2022 Instalaci\u00f3n aire acondicionado con salida en sal\u00f3n y dormitorios.<br \/>\n\u2022 Agua caliente centralizada por paneles solares, con termo el\u00e9ctrico como soporte.<\/p>\n<p>El inicio de la obra est\u00e1 prevista una vez que hayamos obtenido la licencia de obras por parte del Ayuntamiento de Fuengirola, que est\u00e1 previsto para diciembre este a\u00f1o. La fecha aproximada de finalizaci\u00f3n es finales del a\u00f1o 2024 o inicios del 2025.<\/p>\n<\/div>\n<\/div>\n<\/div>\n<\/div>\n<\/div>\n<\/section>\n<\/div>\n<\/div>\n","protected":false},"excerpt":{"rendered":"<p>Edificio nueva construcci\u00f3n con 49 viviendas, piscina y sol\u00e1rium. Ubicado en una zona c\u00e9ntrica, con magn\u00edficas comunicaciones y todos los servicios y comercios a un paso. Viviendas espaciosas con amplias terrazas y distintas configuraciones, superficies y orientaciones adecuadas para cada cliente. El edificio cuenta con dos ascensores y piscina comunitaria en cubierta con zona Chill-out. [&hellip;]<\/p>\n","protected":false},"featured_media":73808,"comment_status":"open","ping_status":"closed","template":"","meta":{"_et_pb_use_builder":"","_et_pb_old_content":"","_et_gb_content_width":""},"product_brand":[],"product_cat":[203],"product_tag":[],"class_list":{"0":"post-73974","1":"product","2":"type-product","3":"status-publish","4":"has-post-thumbnail","6":"product_cat-obra-nueva","8":"first","9":"instock","10":"shipping-taxable","11":"purchasable","12":"product-type-simple"},"_links":{"self":[{"href":"https:\/\/salmarwoo.multiplikate.com\/index.php\/wp-json\/wp\/v2\/product\/73974","targetHints":{"allow":["GET"]}}],"collection":[{"href":"https:\/\/salmarwoo.multiplikate.com\/index.php\/wp-json\/wp\/v2\/product"}],"about":[{"href":"https:\/\/salmarwoo.multiplikate.com\/index.php\/wp-json\/wp\/v2\/types\/product"}],"replies":[{"embeddable":true,"href":"https:\/\/salmarwoo.multiplikate.com\/index.php\/wp-json\/wp\/v2\/comments?post=73974"}],"wp:featuredmedia":[{"embeddable":true,"href":"https:\/\/salmarwoo.multiplikate.com\/index.php\/wp-json\/wp\/v2\/media\/73808"}],"wp:attachment":[{"href":"https:\/\/salmarwoo.multiplikate.com\/index.php\/wp-json\/wp\/v2\/media?parent=73974"}],"wp:term":[{"taxonomy":"product_brand","embeddable":true,"href":"https:\/\/salmarwoo.multiplikate.com\/index.php\/wp-json\/wp\/v2\/product_brand?post=73974"},{"taxonomy":"product_cat","embeddable":true,"href":"https:\/\/salmarwoo.multiplikate.com\/index.php\/wp-json\/wp\/v2\/product_cat?post=73974"},{"taxonomy":"product_tag","embeddable":true,"href":"https:\/\/salmarwoo.multiplikate.com\/index.php\/wp-json\/wp\/v2\/product_tag?post=73974"}],"curies":[{"name":"wp","href":"https:\/\/api.w.org\/{rel}","templated":true}]}}