{"id":73977,"date":"2026-04-16T20:57:49","date_gmt":"2026-04-16T20:57:49","guid":{"rendered":"https:\/\/salmarwoo.multiplikate.com\/?post_type=product&#038;p=73977"},"modified":"2026-04-16T20:57:49","modified_gmt":"2026-04-16T20:57:49","slug":"duplex-y-pisos-en-guadalmina-marbella","status":"publish","type":"product","link":"https:\/\/salmarwoo.multiplikate.com\/index.php\/producto\/duplex-y-pisos-en-guadalmina-marbella\/","title":{"rendered":"D\u00daPLEX Y PISOS EN GUADALMINA MARBELLA"},"content":{"rendered":"<ul class=\"es-property-fields es-entity-fields\">\n<li class=\"es-entity-field es-entity-field--post_content es-property-field es-property-field--post_content es-property-field--default\">\n<section class=\"elementor-section elementor-top-section elementor-element elementor-element-1901388f elementor-section-boxed elementor-section-height-default elementor-section-height-default\" data-id=\"1901388f\" data-element_type=\"section\">\n<div class=\"elementor-container elementor-column-gap-default\">\n<div class=\"elementor-column elementor-col-100 elementor-top-column elementor-element elementor-element-39a683b5\" data-id=\"39a683b5\" data-element_type=\"column\">\n<div class=\"elementor-widget-wrap elementor-element-populated\">\n<section class=\"elementor-section elementor-inner-section elementor-element elementor-element-c46720e elementor-reverse-tablet elementor-reverse-mobile elementor-section-boxed elementor-section-height-default elementor-section-height-default\" data-id=\"c46720e\" data-element_type=\"section\">\n<div class=\"elementor-container elementor-column-gap-default\">\n<div class=\"elementor-column elementor-col-50 elementor-inner-column elementor-element elementor-element-1f03dd74\" data-id=\"1f03dd74\" data-element_type=\"column\">\n<div class=\"elementor-widget-wrap elementor-element-populated\">\n<div class=\"elementor-element elementor-element-63475d4e elementor-widget elementor-widget-heading\" data-id=\"63475d4e\" data-element_type=\"widget\" data-widget_type=\"heading.default\">\n<div class=\"elementor-widget-container\">\n<div class=\"elementor-element elementor-element-63475d4e elementor-widget elementor-widget-heading\" data-id=\"63475d4e\" data-element_type=\"widget\" data-widget_type=\"heading.default\">\n<div class=\"elementor-widget-container\">\n<h3 class=\"elementor-heading-title elementor-size-default\">Promoci\u00f3n de 34 pisos y d\u00faplex, de 2,3 y 4 dormitorios<\/h3>\n<\/div>\n<\/div>\n<div class=\"elementor-element elementor-element-2c1a1517 elementor-widget elementor-widget-text-editor\" data-id=\"2c1a1517\" data-element_type=\"widget\" data-widget_type=\"text-editor.default\">\n<div class=\"elementor-widget-container\">\n<p>Es un proyecto residencial del lujo ubicado en la zona Alta de Guadalmina, en Marbella (M\u00e1laga) uno de los rincones m\u00e1s espectaculares de la Costa del Sol, muy cerca de San Pedro de Alc\u00e1ntara y Puerto Ban\u00fas.<\/p>\n<\/div>\n<\/div>\n<div class=\"elementor-element elementor-element-317827a elementor-widget elementor-widget-spacer\" data-id=\"317827a\" data-element_type=\"widget\" data-widget_type=\"spacer.default\">\n<div class=\"elementor-widget-container\">\n<div class=\"elementor-spacer\">\n<div class=\"elementor-spacer-inner\"><\/div>\n<\/div>\n<\/div>\n<\/div>\n<div class=\"elementor-element elementor-element-2cb3f7be elementor-widget elementor-widget-heading\" data-id=\"2cb3f7be\" data-element_type=\"widget\" data-widget_type=\"heading.default\">\n<div class=\"elementor-widget-container\">\n<h3 class=\"elementor-heading-title elementor-size-default\">La urbanizaci\u00f3n contar\u00e1 con agradables espacios comunes como piscina, zonas ajardinadas y zona fitness<\/h3>\n<\/div>\n<\/div>\n<div class=\"elementor-element elementor-element-69422bb1 elementor-widget elementor-widget-text-editor\" data-id=\"69422bb1\" data-element_type=\"widget\" data-widget_type=\"text-editor.default\">\n<div class=\"elementor-widget-container\">\n<p>El complejo, que estar\u00e1 completamente cerrado, tambi\u00e9n contar\u00e1 con c\u00e1maras de vigilancia permanentes y servicio de conserjer\u00eda.<\/p>\n<\/div>\n<\/div>\n<div class=\"elementor-element elementor-element-66be333e elementor-widget elementor-widget-spacer\" data-id=\"66be333e\" data-element_type=\"widget\" data-widget_type=\"spacer.default\">\n<div class=\"elementor-widget-container\">\n<div class=\"elementor-spacer\">\n<div class=\"elementor-spacer-inner\"><\/div>\n<\/div>\n<\/div>\n<\/div>\n<div class=\"elementor-element elementor-element-ba14714 elementor-widget elementor-widget-heading\" data-id=\"ba14714\" data-element_type=\"widget\" data-widget_type=\"heading.default\">\n<div class=\"elementor-widget-container\">\n<h3 class=\"elementor-heading-title elementor-size-default\">Se encuentra rodeado de los mejores campos de golf del mundo<\/h3>\n<\/div>\n<\/div>\n<div class=\"elementor-element elementor-element-35b594ea elementor-widget elementor-widget-text-editor\" data-id=\"35b594ea\" data-element_type=\"widget\" data-widget_type=\"text-editor.default\">\n<div class=\"elementor-widget-container\">\n<p>A los cuales podr\u00e1 acceder en menos de 10 minutos. Real Club de Golf de Guadalmina Atalaya Golf and Country Club El Para\u00edso Golf Club Los Arqueros Golf Club El Higueral Golf Club La Zagaleta Golf Club.<\/p>\n<p>Cada vivienda est\u00e1 dotada del confort y la elegancia que proporcionan los amplios ventanales y las vistas al campo de golf de Guadalmina. Este dise\u00f1o arquitect\u00f3nico ofrece un espacio abierto y luminoso, con muchas posibilidades en la decoraci\u00f3n, para disfrutar del descanso de una de las zonas m\u00e1s privilegiadas del mundo. Las cocinas han sido magn\u00edficamente equipadas con electrodom\u00e9sticos de primer nivel. Adem\u00e1s, te ofrecemos la posibilidad de personalizar la cocina, seg\u00fan tu gusto y estilo, con una amplia variedad de posibilidades y acabados Premium.<\/p>\n<\/div>\n<\/div>\n<\/div>\n<\/div>\n<\/div>\n<\/div>\n<\/div>\n<\/section>\n<\/div>\n<\/div>\n<\/div>\n<\/section>\n<p><a class=\"js-es-full-description-link es-full-content-link js-es-toggle-class es-secondary-color\" href=\"https:\/\/salmarhome.multiplikate.com\/index.php\/property\/propiedad-ecuestre-con-terreno-apto-para-un-campo-de-polo-privado-4\/?search_url=https%3A%2F%2Fsalmarhome.multiplikate.com%2Findex.php%2Fproperty-category%2Fobra-nueva%2F%3Flayout%3Dgrid-3%26show_currencies%3D%26sort%3Dlowest_price%26es_category%3D165%26page_num%3D2%26paged-%3D2%26sort-%3Dlowest_price#\" data-container=\".es-property-field--post_content\" data-toggle-label=\"Ocultar descripci\u00f3n&lt;span class=&quot;es-icon es-icon_chevron-top&quot;&gt;&lt;\/span&gt;\" data-class=\"es-entity-field--post_content--collapsed\">Ocultar descripci\u00f3n<\/a><\/li>\n<\/ul>\n","protected":false},"excerpt":{"rendered":"<p>Promoci\u00f3n de 34 pisos y d\u00faplex, de 2,3 y 4 dormitorios Es un proyecto residencial del lujo ubicado en la zona Alta de Guadalmina, en Marbella (M\u00e1laga) uno de los rincones m\u00e1s espectaculares de la Costa del Sol, muy cerca de San Pedro de Alc\u00e1ntara y Puerto Ban\u00fas. La urbanizaci\u00f3n contar\u00e1 con agradables espacios comunes [&hellip;]<\/p>\n","protected":false},"featured_media":73774,"comment_status":"open","ping_status":"closed","template":"","meta":{"_et_pb_use_builder":"","_et_pb_old_content":"","_et_gb_content_width":""},"product_brand":[],"product_cat":[202],"product_tag":[],"class_list":{"0":"post-73977","1":"product","2":"type-product","3":"status-publish","4":"has-post-thumbnail","6":"product_cat-sin-categorizar","8":"first","9":"instock","10":"shipping-taxable","11":"purchasable","12":"product-type-simple"},"_links":{"self":[{"href":"https:\/\/salmarwoo.multiplikate.com\/index.php\/wp-json\/wp\/v2\/product\/73977","targetHints":{"allow":["GET"]}}],"collection":[{"href":"https:\/\/salmarwoo.multiplikate.com\/index.php\/wp-json\/wp\/v2\/product"}],"about":[{"href":"https:\/\/salmarwoo.multiplikate.com\/index.php\/wp-json\/wp\/v2\/types\/product"}],"replies":[{"embeddable":true,"href":"https:\/\/salmarwoo.multiplikate.com\/index.php\/wp-json\/wp\/v2\/comments?post=73977"}],"wp:featuredmedia":[{"embeddable":true,"href":"https:\/\/salmarwoo.multiplikate.com\/index.php\/wp-json\/wp\/v2\/media\/73774"}],"wp:attachment":[{"href":"https:\/\/salmarwoo.multiplikate.com\/index.php\/wp-json\/wp\/v2\/media?parent=73977"}],"wp:term":[{"taxonomy":"product_brand","embeddable":true,"href":"https:\/\/salmarwoo.multiplikate.com\/index.php\/wp-json\/wp\/v2\/product_brand?post=73977"},{"taxonomy":"product_cat","embeddable":true,"href":"https:\/\/salmarwoo.multiplikate.com\/index.php\/wp-json\/wp\/v2\/product_cat?post=73977"},{"taxonomy":"product_tag","embeddable":true,"href":"https:\/\/salmarwoo.multiplikate.com\/index.php\/wp-json\/wp\/v2\/product_tag?post=73977"}],"curies":[{"name":"wp","href":"https:\/\/api.w.org\/{rel}","templated":true}]}}