{"id":73980,"date":"2026-04-16T21:49:14","date_gmt":"2026-04-16T21:49:14","guid":{"rendered":"https:\/\/salmarwoo.multiplikate.com\/?post_type=product&#038;p=73980"},"modified":"2026-04-16T21:49:14","modified_gmt":"2026-04-16T21:49:14","slug":"aticos-de-2-y-3-dormitorios-entre-benalmadena-y-fuengirola-2","status":"publish","type":"product","link":"https:\/\/salmarwoo.multiplikate.com\/index.php\/producto\/aticos-de-2-y-3-dormitorios-entre-benalmadena-y-fuengirola-2\/","title":{"rendered":"\u00c1ticos de 2 y 3 dormitorios entre Benalm\u00e1dena y Fuengirola"},"content":{"rendered":"<div class=\"elementor-element elementor-element-63475d4e elementor-widget elementor-widget-heading\" data-id=\"63475d4e\" data-element_type=\"widget\" data-widget_type=\"heading.default\">\n<div class=\"elementor-widget-container\">\n<h3 class=\"elementor-heading-title elementor-size-default\">Seguramente la urbanizaci\u00f3n con m\u00e1s servicios de la costa del sol entre Benalmadena y Fuengirola<\/h3>\n<\/div>\n<\/div>\n<div class=\"elementor-element elementor-element-2c1a1517 elementor-widget elementor-widget-text-editor\" data-id=\"2c1a1517\" data-element_type=\"widget\" data-widget_type=\"text-editor.default\">\n<div class=\"elementor-widget-container\">\n<p>GASTRONOM\u00cdA \u2013 DEPORTES \u2013 PISCINAS EXTERIORES Y INTERIORES \u2013 SPA \u2013 SALUD \u2013 BELLEZA<br \/>\nPLAYA PRIVADA<\/p>\n<p>Un entorno exclusivo creado en una combinaci\u00f3n perfecta de instalaciones exteriores e interiores. A su disposici\u00f3n una experiencia deportiva \u00fanica.<\/p>\n<p>&nbsp;<\/p>\n<\/div>\n<\/div>\n<div class=\"elementor-element elementor-element-317827a elementor-widget elementor-widget-spacer\" data-id=\"317827a\" data-element_type=\"widget\" data-widget_type=\"spacer.default\">\n<div class=\"elementor-widget-container\">\n<div class=\"elementor-spacer\">\n<div class=\"elementor-spacer-inner\"><\/div>\n<\/div>\n<\/div>\n<\/div>\n<div class=\"elementor-element elementor-element-2cb3f7be elementor-widget elementor-widget-heading\" data-id=\"2cb3f7be\" data-element_type=\"widget\" data-widget_type=\"heading.default\">\n<div class=\"elementor-widget-container\">\n<h3 class=\"elementor-heading-title elementor-size-default\">La conciencia medio ambiental son la referencia<\/h3>\n<\/div>\n<\/div>\n<div class=\"elementor-element elementor-element-69422bb1 elementor-widget elementor-widget-text-editor\" data-id=\"69422bb1\" data-element_type=\"widget\" data-widget_type=\"text-editor.default\">\n<div class=\"elementor-widget-container\">\n<p>Ofrece un estilo de vida en este microclima que caracteriza a la Costa del Sol, desde el mar hasta la monta\u00f1a d\u00e1ndoles la posibilidad de compartir con nosotros este modo de vida, esta filosof\u00eda basada en su bienestar.<br \/>\nViviendas que se caracterizan por una arquitectura moderna, luminosa, conscientes de las necesidades de nuestros clientes, por una b\u00fasqueda continua de calidades \u00f3ptimas en el mercado, por proyectos donde la seguridad y la conciencia medio ambiental son nuestras referencias.<\/p>\n<\/div>\n<\/div>\n<div class=\"elementor-element elementor-element-66be333e elementor-widget elementor-widget-spacer\" data-id=\"66be333e\" data-element_type=\"widget\" data-widget_type=\"spacer.default\">\n<div class=\"elementor-widget-container\">\n<div class=\"elementor-spacer\">\n<div class=\"elementor-spacer-inner\"><\/div>\n<\/div>\n<\/div>\n<\/div>\n<div class=\"elementor-element elementor-element-ba14714 elementor-widget elementor-widget-heading\" data-id=\"ba14714\" data-element_type=\"widget\" data-widget_type=\"heading.default\">\n<div class=\"elementor-widget-container\">\n<h3 class=\"elementor-heading-title elementor-size-default\">Alcanza el equilibrio f\u00edsico y mental en el Spa<\/h3>\n<\/div>\n<\/div>\n<div class=\"elementor-element elementor-element-35b594ea elementor-widget elementor-widget-text-editor\" data-id=\"35b594ea\" data-element_type=\"widget\" data-widget_type=\"text-editor.default\">\n<div class=\"elementor-widget-container\">\n<p>Hidrata, tonifica y relaja tu cuerpo a trav\u00e9s de la expresi\u00f3n del agua. Todas las t\u00e9cnicas de masajes procedentes de diferentes herencias ancestrales de salud que ayudan al equilibrio psicof\u00edsico se dan cita en nuestro spa.<\/p>\n<p>Un lugar donde emprender un viaje por el mundo entre nuestros 10 restaurantes.<br \/>\nDisfruta de las numerosas instalaciones deportivas, socializa jugando al p\u00e1del al aire libre o conecta con tu mundo interior nadando en una de las piscinas climatizadas.<br \/>\nTodo ello sin dejar atr\u00e1s el indescriptible Infinity Bar y su restaurante japon\u00e9s. Ded\u00edcate un momento a ti mismo tomando un ba\u00f1o en la piscina climatizada o a orillas del Mediterr\u00e1neo.<br \/>\nEn definitiva, pasa tiempo de calidad en familia disfrutando del sol, el agua y el aire puro.<\/p>\n<\/div>\n<\/div>\n","protected":false},"excerpt":{"rendered":"<p>Seguramente la urbanizaci\u00f3n con m\u00e1s servicios de la costa del sol entre Benalmadena y Fuengirola GASTRONOM\u00cdA \u2013 DEPORTES \u2013 PISCINAS EXTERIORES Y INTERIORES \u2013 SPA \u2013 SALUD \u2013 BELLEZA PLAYA PRIVADA Un entorno exclusivo creado en una combinaci\u00f3n perfecta de instalaciones exteriores e interiores. A su disposici\u00f3n una experiencia deportiva \u00fanica. &nbsp; La conciencia medio [&hellip;]<\/p>\n","protected":false},"featured_media":73852,"comment_status":"open","ping_status":"closed","template":"","meta":{"_et_pb_use_builder":"","_et_pb_old_content":"","_et_gb_content_width":""},"product_brand":[],"product_cat":[202],"product_tag":[],"class_list":{"0":"post-73980","1":"product","2":"type-product","3":"status-publish","4":"has-post-thumbnail","6":"product_cat-sin-categorizar","8":"first","9":"instock","10":"shipping-taxable","11":"purchasable","12":"product-type-simple"},"_links":{"self":[{"href":"https:\/\/salmarwoo.multiplikate.com\/index.php\/wp-json\/wp\/v2\/product\/73980","targetHints":{"allow":["GET"]}}],"collection":[{"href":"https:\/\/salmarwoo.multiplikate.com\/index.php\/wp-json\/wp\/v2\/product"}],"about":[{"href":"https:\/\/salmarwoo.multiplikate.com\/index.php\/wp-json\/wp\/v2\/types\/product"}],"replies":[{"embeddable":true,"href":"https:\/\/salmarwoo.multiplikate.com\/index.php\/wp-json\/wp\/v2\/comments?post=73980"}],"wp:featuredmedia":[{"embeddable":true,"href":"https:\/\/salmarwoo.multiplikate.com\/index.php\/wp-json\/wp\/v2\/media\/73852"}],"wp:attachment":[{"href":"https:\/\/salmarwoo.multiplikate.com\/index.php\/wp-json\/wp\/v2\/media?parent=73980"}],"wp:term":[{"taxonomy":"product_brand","embeddable":true,"href":"https:\/\/salmarwoo.multiplikate.com\/index.php\/wp-json\/wp\/v2\/product_brand?post=73980"},{"taxonomy":"product_cat","embeddable":true,"href":"https:\/\/salmarwoo.multiplikate.com\/index.php\/wp-json\/wp\/v2\/product_cat?post=73980"},{"taxonomy":"product_tag","embeddable":true,"href":"https:\/\/salmarwoo.multiplikate.com\/index.php\/wp-json\/wp\/v2\/product_tag?post=73980"}],"curies":[{"name":"wp","href":"https:\/\/api.w.org\/{rel}","templated":true}]}}