{"id":73982,"date":"2026-04-16T21:50:38","date_gmt":"2026-04-16T21:50:38","guid":{"rendered":"https:\/\/salmarwoo.multiplikate.com\/?post_type=product&#038;p=73982"},"modified":"2026-04-16T21:50:38","modified_gmt":"2026-04-16T21:50:38","slug":"villas-de-obra-nueva-en-el-limonar-malaga","status":"publish","type":"product","link":"https:\/\/salmarwoo.multiplikate.com\/index.php\/producto\/villas-de-obra-nueva-en-el-limonar-malaga\/","title":{"rendered":"Villas de Obra Nueva en el Limonar, M\u00e1laga"},"content":{"rendered":"<div class=\"elementor-element elementor-element-2c1a1517 elementor-widget elementor-widget-text-editor\" data-id=\"2c1a1517\" data-element_type=\"widget\" data-widget_type=\"text-editor.default\">\n<div class=\"elementor-widget-container\">\n<p>Con la promoci\u00f3n de estas villas en la zona del Limonar en M\u00e1laga, le ayudamos a que sus sue\u00f1os se hagan realidad poniendo a su disposici\u00f3n la materializaci\u00f3n de la vivienda ideal.<\/p>\n<\/div>\n<\/div>\n<div class=\"elementor-element elementor-element-317827a elementor-widget elementor-widget-spacer\" data-id=\"317827a\" data-element_type=\"widget\" data-widget_type=\"spacer.default\">\n<div class=\"elementor-widget-container\">\n<div class=\"elementor-spacer\">\n<div class=\"elementor-spacer-inner\"><\/div>\n<\/div>\n<\/div>\n<\/div>\n<div class=\"elementor-element elementor-element-2cb3f7be elementor-widget elementor-widget-heading\" data-id=\"2cb3f7be\" data-element_type=\"widget\" data-widget_type=\"heading.default\">\n<div class=\"elementor-widget-container\">\n<h3 class=\"elementor-heading-title elementor-size-default\">Le brindamos la oportunidad de hacerse con una de las magn\u00edficas villas alto standing<\/h3>\n<\/div>\n<\/div>\n<div class=\"elementor-element elementor-element-69422bb1 elementor-widget elementor-widget-text-editor\" data-id=\"69422bb1\" data-element_type=\"widget\" data-widget_type=\"text-editor.default\">\n<div class=\"elementor-widget-container\">\n<p>Dise\u00f1adas para gozar de un entorno natural \u00fanico, su ubicaci\u00f3n privilegiada en el coraz\u00f3n de M\u00e1laga, el cuidado meticuloso de cada uno de sus detalles, hace de esta promoci\u00f3n que sea \u00fanica e irrepetible.<br \/>\nLa promoci\u00f3n ofrece diferentes soluciones de viviendas que se adaptan a las necesidades de cada cliente.<\/p>\n<\/div>\n<\/div>\n<div class=\"elementor-element elementor-element-66be333e elementor-widget elementor-widget-spacer\" data-id=\"66be333e\" data-element_type=\"widget\" data-widget_type=\"spacer.default\">\n<div class=\"elementor-widget-container\">\n<div class=\"elementor-spacer\">\n<div class=\"elementor-spacer-inner\">\n<h2 class=\"elementor-cta__title elementor-cta__content-item elementor-content-item\">Precio desde 1.050.000 \u20ac<\/h2>\n<\/div>\n<\/div>\n<\/div>\n<\/div>\n<div class=\"elementor-element elementor-element-ba14714 elementor-widget elementor-widget-heading\" data-id=\"ba14714\" data-element_type=\"widget\" data-widget_type=\"heading.default\">\n<div class=\"elementor-widget-container\">\n<h3 class=\"elementor-heading-title elementor-size-default\">Un proyecto moderno y funcional con casas de 3 y 4 dormitorios<\/h3>\n<\/div>\n<\/div>\n<div class=\"elementor-element elementor-element-35b594ea elementor-widget elementor-widget-text-editor\" data-id=\"35b594ea\" data-element_type=\"widget\" data-widget_type=\"text-editor.default\">\n<div class=\"elementor-widget-container\">\n<p>Donde las amplias terrazas son las grandes protagonistas.<br \/>\nViviendas dise\u00f1adas para aprovechar la luz natural, orientadas al sur y con ventanales de gran formato que se extienden desde el suelo hasta el techo consiguiendo una perfecta integraci\u00f3n del sal\u00f3n con la terraza, el jard\u00edn y unas excelentes vistas al mar.<\/p>\n<p>Cada vivienda consta de una superficie construida superior a los 360 m2, con un amplio sal\u00f3n, que ejerce como eje vertebrador y coraz\u00f3n de la vivienda. Las estancias amplias y diferenciadas, el espectacular porche privado con salida directa desde el sal\u00f3n y cocina. el amplio jard\u00edn con acceso directo a la piscina, consiguen un arquitect\u00f3nico juego de vol\u00famenes que aporta personalidad y distinci\u00f3n a su propiedad.<\/p>\n<\/div>\n<\/div>\n","protected":false},"excerpt":{"rendered":"<p>Con la promoci\u00f3n de estas villas en la zona del Limonar en M\u00e1laga, le ayudamos a que sus sue\u00f1os se hagan realidad poniendo a su disposici\u00f3n la materializaci\u00f3n de la vivienda ideal. Le brindamos la oportunidad de hacerse con una de las magn\u00edficas villas alto standing Dise\u00f1adas para gozar de un entorno natural \u00fanico, su [&hellip;]<\/p>\n","protected":false},"featured_media":73769,"comment_status":"open","ping_status":"closed","template":"","meta":{"_et_pb_use_builder":"","_et_pb_old_content":"","_et_gb_content_width":""},"product_brand":[],"product_cat":[202],"product_tag":[],"class_list":{"0":"post-73982","1":"product","2":"type-product","3":"status-publish","4":"has-post-thumbnail","6":"product_cat-sin-categorizar","8":"first","9":"instock","10":"shipping-taxable","11":"purchasable","12":"product-type-simple"},"_links":{"self":[{"href":"https:\/\/salmarwoo.multiplikate.com\/index.php\/wp-json\/wp\/v2\/product\/73982","targetHints":{"allow":["GET"]}}],"collection":[{"href":"https:\/\/salmarwoo.multiplikate.com\/index.php\/wp-json\/wp\/v2\/product"}],"about":[{"href":"https:\/\/salmarwoo.multiplikate.com\/index.php\/wp-json\/wp\/v2\/types\/product"}],"replies":[{"embeddable":true,"href":"https:\/\/salmarwoo.multiplikate.com\/index.php\/wp-json\/wp\/v2\/comments?post=73982"}],"wp:featuredmedia":[{"embeddable":true,"href":"https:\/\/salmarwoo.multiplikate.com\/index.php\/wp-json\/wp\/v2\/media\/73769"}],"wp:attachment":[{"href":"https:\/\/salmarwoo.multiplikate.com\/index.php\/wp-json\/wp\/v2\/media?parent=73982"}],"wp:term":[{"taxonomy":"product_brand","embeddable":true,"href":"https:\/\/salmarwoo.multiplikate.com\/index.php\/wp-json\/wp\/v2\/product_brand?post=73982"},{"taxonomy":"product_cat","embeddable":true,"href":"https:\/\/salmarwoo.multiplikate.com\/index.php\/wp-json\/wp\/v2\/product_cat?post=73982"},{"taxonomy":"product_tag","embeddable":true,"href":"https:\/\/salmarwoo.multiplikate.com\/index.php\/wp-json\/wp\/v2\/product_tag?post=73982"}],"curies":[{"name":"wp","href":"https:\/\/api.w.org\/{rel}","templated":true}]}}