{"id":73983,"date":"2026-04-16T21:56:38","date_gmt":"2026-04-16T21:56:38","guid":{"rendered":"https:\/\/salmarwoo.multiplikate.com\/?post_type=product&#038;p=73983"},"modified":"2026-04-16T21:56:39","modified_gmt":"2026-04-16T21:56:39","slug":"obra-nueva-en-marbella","status":"publish","type":"product","link":"https:\/\/salmarwoo.multiplikate.com\/index.php\/producto\/obra-nueva-en-marbella\/","title":{"rendered":"Obra Nueva en Marbella"},"content":{"rendered":"<div class=\"elementor-element elementor-element-63475d4e elementor-widget elementor-widget-heading\" data-id=\"63475d4e\" data-element_type=\"widget\" data-widget_type=\"heading.default\">\n<div class=\"elementor-widget-container\">\n<h3 class=\"elementor-heading-title elementor-size-default\">Ocho espaciosas y luminosas villas de obra nueva en parcelas individuales<\/h3>\n<\/div>\n<\/div>\n<div class=\"elementor-element elementor-element-2c1a1517 elementor-widget elementor-widget-text-editor\" data-id=\"2c1a1517\" data-element_type=\"widget\" data-widget_type=\"text-editor.default\">\n<div class=\"elementor-widget-container\">\n<p>Todas ellas con jard\u00edn y piscina. Terminadas con magn\u00edficas calidades:<\/p>\n<\/div>\n<\/div>\n<div class=\"elementor-element elementor-element-317827a elementor-widget elementor-widget-spacer\" data-id=\"317827a\" data-element_type=\"widget\" data-widget_type=\"spacer.default\">\n<div class=\"elementor-widget-container\">\n<div class=\"elementor-spacer\">\n<div class=\"elementor-spacer-inner\"><\/div>\n<\/div>\n<\/div>\n<\/div>\n<div class=\"elementor-element elementor-element-2cb3f7be elementor-widget elementor-widget-heading\" data-id=\"2cb3f7be\" data-element_type=\"widget\" data-widget_type=\"heading.default\">\n<div class=\"elementor-widget-container\">\n<h3 class=\"elementor-heading-title elementor-size-default\">Suelo radiante en toda la casa<\/h3>\n<\/div>\n<\/div>\n<div class=\"elementor-element elementor-element-69422bb1 elementor-widget elementor-widget-text-editor\" data-id=\"69422bb1\" data-element_type=\"widget\" data-widget_type=\"text-editor.default\">\n<div class=\"elementor-widget-container\">\n<p>Ascensor, Calidades PORCELANOSA y Suelos de madera en la 1\u00aa planta.<br \/>\nSituada en la zona conocida como Valdeolletas, se encuentra ubicada la parcela donde se construir\u00e1n las ocho villas. Calles tranquilas con colegios, guarder\u00edas, el club de p\u00e1del El Mirador, el Club de golf Monte Para\u00edso Country Club\u2026 Pero muy cerca del centro de Marbella: a menos de 5 minutos del \u201cPirul\u00ed\u201d bajando por la Avenida C\u00e1novas del Castillo y tambi\u00e9n a menos de 5 minutos del Centro comercial La Ca\u00f1ada.<\/p>\n<\/div>\n<\/div>\n<div class=\"elementor-element elementor-element-66be333e elementor-widget elementor-widget-spacer\" data-id=\"66be333e\" data-element_type=\"widget\" data-widget_type=\"spacer.default\">\n<div class=\"elementor-widget-container\">\n<div class=\"elementor-spacer\">\n<div class=\"elementor-spacer-inner\">1.550.000 \u20ac a 1.950.000 \u20ac<\/div>\n<\/div>\n<\/div>\n<\/div>\n<div class=\"elementor-element elementor-element-ba14714 elementor-widget elementor-widget-heading\" data-id=\"ba14714\" data-element_type=\"widget\" data-widget_type=\"heading.default\">\n<div class=\"elementor-widget-container\">\n<h3 class=\"elementor-heading-title elementor-size-default\">Las Villas ( 1 villa disponible)<\/h3>\n<\/div>\n<\/div>\n<div class=\"elementor-element elementor-element-35b594ea elementor-widget elementor-widget-text-editor\" data-id=\"35b594ea\" data-element_type=\"widget\" data-widget_type=\"text-editor.default\">\n<div class=\"elementor-widget-container\">\n<p>La Planta S\u00f3tano es com\u00fan. Aparcamientos, trasteros y entradas a cada una de las villas con ascensor independiente desde esta planta.<br \/>\nPlanta Patio: 100 metros cuadrados en 2 habitaciones con luz natural para gimnasio, cuarto de juegos, biblioteca, \u2026 y un cuarto de ba\u00f1o.<br \/>\nPlanta Baja: Sal\u00f3n-Comedor-Cocina. Un gran espacio di\u00e1fano elegante y funcional y un aseo de cortes\u00eda conforman esta planta.<br \/>\nPlanta Primera: 3 dormitorios, 3 cuartos de ba\u00f1o y terrazas.<br \/>\nPlanta Terraza: Un aseo, p\u00e9rgola y un gran sol\u00e1rium.<br \/>\nGrandes ventanales para que la luz natural sea la gran protagonista. Ventanas correderas de suelo a techo con rieles encastrados en las soler\u00edas consiguen que los espacios interiores y exteriores queden perfectamente unidos y refuerzan el concepto de vida en el exterior.<\/p>\n<\/div>\n<\/div>\n","protected":false},"excerpt":{"rendered":"<p>Ocho espaciosas y luminosas villas de obra nueva en parcelas individuales Todas ellas con jard\u00edn y piscina. Terminadas con magn\u00edficas calidades: Suelo radiante en toda la casa Ascensor, Calidades PORCELANOSA y Suelos de madera en la 1\u00aa planta. Situada en la zona conocida como Valdeolletas, se encuentra ubicada la parcela donde se construir\u00e1n las ocho [&hellip;]<\/p>\n","protected":false},"featured_media":73734,"comment_status":"open","ping_status":"closed","template":"","meta":{"_et_pb_use_builder":"","_et_pb_old_content":"","_et_gb_content_width":""},"product_brand":[],"product_cat":[202],"product_tag":[],"class_list":{"0":"post-73983","1":"product","2":"type-product","3":"status-publish","4":"has-post-thumbnail","6":"product_cat-sin-categorizar","8":"first","9":"instock","10":"shipping-taxable","11":"purchasable","12":"product-type-simple"},"_links":{"self":[{"href":"https:\/\/salmarwoo.multiplikate.com\/index.php\/wp-json\/wp\/v2\/product\/73983","targetHints":{"allow":["GET"]}}],"collection":[{"href":"https:\/\/salmarwoo.multiplikate.com\/index.php\/wp-json\/wp\/v2\/product"}],"about":[{"href":"https:\/\/salmarwoo.multiplikate.com\/index.php\/wp-json\/wp\/v2\/types\/product"}],"replies":[{"embeddable":true,"href":"https:\/\/salmarwoo.multiplikate.com\/index.php\/wp-json\/wp\/v2\/comments?post=73983"}],"wp:featuredmedia":[{"embeddable":true,"href":"https:\/\/salmarwoo.multiplikate.com\/index.php\/wp-json\/wp\/v2\/media\/73734"}],"wp:attachment":[{"href":"https:\/\/salmarwoo.multiplikate.com\/index.php\/wp-json\/wp\/v2\/media?parent=73983"}],"wp:term":[{"taxonomy":"product_brand","embeddable":true,"href":"https:\/\/salmarwoo.multiplikate.com\/index.php\/wp-json\/wp\/v2\/product_brand?post=73983"},{"taxonomy":"product_cat","embeddable":true,"href":"https:\/\/salmarwoo.multiplikate.com\/index.php\/wp-json\/wp\/v2\/product_cat?post=73983"},{"taxonomy":"product_tag","embeddable":true,"href":"https:\/\/salmarwoo.multiplikate.com\/index.php\/wp-json\/wp\/v2\/product_tag?post=73983"}],"curies":[{"name":"wp","href":"https:\/\/api.w.org\/{rel}","templated":true}]}}