{"id":73986,"date":"2026-04-16T21:58:38","date_gmt":"2026-04-16T21:58:38","guid":{"rendered":"https:\/\/salmarwoo.multiplikate.com\/?post_type=product&#038;p=73986"},"modified":"2026-04-17T09:16:31","modified_gmt":"2026-04-17T09:16:31","slug":"pisos-y-aticos-en-benhavis-marbella-2","status":"publish","type":"product","link":"https:\/\/salmarwoo.multiplikate.com\/index.php\/producto\/pisos-y-aticos-en-benhavis-marbella-2\/","title":{"rendered":"Pisos y \u00e1ticos en Benhavis, Marbella"},"content":{"rendered":"<div class=\"elementor-element elementor-element-63475d4e elementor-widget elementor-widget-heading\" data-id=\"63475d4e\" data-element_type=\"widget\" data-widget_type=\"heading.default\">\n<div class=\"elementor-widget-container\">\n<h3 class=\"elementor-heading-title elementor-size-default\">Comienza tu vida por todo lo alto<\/h3>\n<\/div>\n<\/div>\n<div class=\"elementor-element elementor-element-2c1a1517 elementor-widget elementor-widget-text-editor\" data-id=\"2c1a1517\" data-element_type=\"widget\" data-widget_type=\"text-editor.default\">\n<div class=\"elementor-widget-container\">\n<p>En este proyecto las viviendas reposan harmoniosamente<br \/>\nsobre las colinas de Benahav\u00eds y se asoman al Mediterr\u00e1neo como un espectacular balc\u00f3n al mar, para ofrecerte unas vistas impresionantes de todo el litoral y la Bah\u00eda de Marbella, hasta el pe\u00f1\u00f3n de Gibraltar y con \u00c1frica al fondo.<\/p>\n<\/div>\n<\/div>\n<div class=\"elementor-element elementor-element-317827a elementor-widget elementor-widget-spacer\" data-id=\"317827a\" data-element_type=\"widget\" data-widget_type=\"spacer.default\">\n<div class=\"elementor-widget-container\">\n<div class=\"elementor-spacer\">\n<div class=\"elementor-spacer-inner\"><\/div>\n<\/div>\n<\/div>\n<\/div>\n<div class=\"elementor-element elementor-element-2cb3f7be elementor-widget elementor-widget-heading\" data-id=\"2cb3f7be\" data-element_type=\"widget\" data-widget_type=\"heading.default\">\n<div class=\"elementor-widget-container\">\n<h3 class=\"elementor-heading-title elementor-size-default\">Una vida con vistas al horizonte<\/h3>\n<\/div>\n<\/div>\n<div class=\"elementor-element elementor-element-69422bb1 elementor-widget elementor-widget-text-editor\" data-id=\"69422bb1\" data-element_type=\"widget\" data-widget_type=\"text-editor.default\">\n<div class=\"elementor-widget-container\">\n<p>Desde esta excepcional ubicaci\u00f3n, cada d\u00eda podr\u00e1s disfrutar de uno de los m\u00e1s bellos espect\u00e1culos de la naturaleza: contemplar los primeros rayos del sol levant\u00e1ndose desde el horizonte, un privilegio que estar\u00e1 a tu alcance sin tener que salir de casa.<\/p>\n<\/div>\n<\/div>\n<div class=\"elementor-element elementor-element-66be333e elementor-widget elementor-widget-spacer\" data-id=\"66be333e\" data-element_type=\"widget\" data-widget_type=\"spacer.default\">\n<div class=\"elementor-widget-container\">\n<div class=\"elementor-spacer\">\n<div class=\"elementor-spacer-inner\"><\/div>\n<\/div>\n<\/div>\n<\/div>\n<div class=\"elementor-element elementor-element-ba14714 elementor-widget elementor-widget-heading\" data-id=\"ba14714\" data-element_type=\"widget\" data-widget_type=\"heading.default\">\n<div class=\"elementor-widget-container\">\n<h3 class=\"elementor-heading-title elementor-size-default\">Un lugar para disfrutar de lo que m\u00e1s te gusta.<\/h3>\n<\/div>\n<\/div>\n<div class=\"elementor-element elementor-element-35b594ea elementor-widget elementor-widget-text-editor\" data-id=\"35b594ea\" data-element_type=\"widget\" data-widget_type=\"text-editor.default\">\n<div class=\"elementor-widget-container\">\n<p>Est\u00e1 ubicado en pleno Valle del Golf, en el t\u00e9rmino municipal de Benahav\u00eds, una situaci\u00f3n espl\u00e9ndida en la que contar\u00e1s con todos los servicios necesarios para el d\u00eda a d\u00eda gracias a la proximidad con Marbella. Adem\u00e1s, el pintoresco pueblo de Benahav\u00eds tambi\u00e9n ofrece un sinf\u00edn de posibilidades de ocio, tanto por su oferta gastron\u00f3mica como por su oferta deportiva.<br \/>\nAdem\u00e1s, los amantes del golf encontrar\u00e1n en la zona una amplia variedad de campos, aptos para todos los niveles.<\/p>\n<\/div>\n<\/div>\n<div class=\"elementor-element elementor-element-9b145bd elementor-widget elementor-widget-heading\" data-id=\"9b145bd\" data-element_type=\"widget\" data-widget_type=\"heading.default\">\n<div class=\"elementor-widget-container\">\n<h3 class=\"elementor-heading-title elementor-size-default\">Un dise\u00f1o \u00fanico a la altura de tus expectativas.<\/h3>\n<\/div>\n<\/div>\n<div class=\"elementor-element elementor-element-8b0160d elementor-widget elementor-widget-text-editor\" data-id=\"8b0160d\" data-element_type=\"widget\" data-widget_type=\"text-editor.default\">\n<div class=\"elementor-widget-container\">\n<p>Descubre el placer de vivir en una urbanizaci\u00f3n completamente cerrada con seguridad, con 3 piscinas a tu disposici\u00f3n en las que disfrutar al m\u00e1ximo las largas \u00e9pocas de buen tiempo que la Costa del Sol te ofrece.<br \/>\nAdem\u00e1s, podr\u00e1s cuidar tu salud y tu forma f\u00edsica sin salir de casa, gracias a un completo gimnasio equipado con modernas m\u00e1quinas y a un fabuloso Spa que ser\u00e1 el lugar ideal donde relajarte tras un largo d\u00eda.<\/p>\n<\/div>\n<\/div>\n","protected":false},"excerpt":{"rendered":"<p>Comienza tu vida por todo lo alto En este proyecto las viviendas reposan harmoniosamente sobre las colinas de Benahav\u00eds y se asoman al Mediterr\u00e1neo como un espectacular balc\u00f3n al mar, para ofrecerte unas vistas impresionantes de todo el litoral y la Bah\u00eda de Marbella, hasta el pe\u00f1\u00f3n de Gibraltar y con \u00c1frica al fondo. Una [&hellip;]<\/p>\n","protected":false},"featured_media":73878,"comment_status":"open","ping_status":"closed","template":"","meta":{"_et_pb_use_builder":"","_et_pb_old_content":"","_et_gb_content_width":""},"product_brand":[],"product_cat":[202],"product_tag":[],"class_list":{"0":"post-73986","1":"product","2":"type-product","3":"status-publish","4":"has-post-thumbnail","6":"product_cat-sin-categorizar","8":"first","9":"instock","10":"shipping-taxable","11":"purchasable","12":"product-type-simple"},"_links":{"self":[{"href":"https:\/\/salmarwoo.multiplikate.com\/index.php\/wp-json\/wp\/v2\/product\/73986","targetHints":{"allow":["GET"]}}],"collection":[{"href":"https:\/\/salmarwoo.multiplikate.com\/index.php\/wp-json\/wp\/v2\/product"}],"about":[{"href":"https:\/\/salmarwoo.multiplikate.com\/index.php\/wp-json\/wp\/v2\/types\/product"}],"replies":[{"embeddable":true,"href":"https:\/\/salmarwoo.multiplikate.com\/index.php\/wp-json\/wp\/v2\/comments?post=73986"}],"wp:featuredmedia":[{"embeddable":true,"href":"https:\/\/salmarwoo.multiplikate.com\/index.php\/wp-json\/wp\/v2\/media\/73878"}],"wp:attachment":[{"href":"https:\/\/salmarwoo.multiplikate.com\/index.php\/wp-json\/wp\/v2\/media?parent=73986"}],"wp:term":[{"taxonomy":"product_brand","embeddable":true,"href":"https:\/\/salmarwoo.multiplikate.com\/index.php\/wp-json\/wp\/v2\/product_brand?post=73986"},{"taxonomy":"product_cat","embeddable":true,"href":"https:\/\/salmarwoo.multiplikate.com\/index.php\/wp-json\/wp\/v2\/product_cat?post=73986"},{"taxonomy":"product_tag","embeddable":true,"href":"https:\/\/salmarwoo.multiplikate.com\/index.php\/wp-json\/wp\/v2\/product_tag?post=73986"}],"curies":[{"name":"wp","href":"https:\/\/api.w.org\/{rel}","templated":true}]}}