{"id":73988,"date":"2026-04-16T22:02:20","date_gmt":"2026-04-16T22:02:20","guid":{"rendered":"https:\/\/salmarwoo.multiplikate.com\/?post_type=product&#038;p=73988"},"modified":"2026-04-17T09:15:07","modified_gmt":"2026-04-17T09:15:07","slug":"espectaculares-viviendas-de-lujo-situadas-en-el-corazon-de-la-milla-de-oro-en-marbella","status":"publish","type":"product","link":"https:\/\/salmarwoo.multiplikate.com\/index.php\/producto\/espectaculares-viviendas-de-lujo-situadas-en-el-corazon-de-la-milla-de-oro-en-marbella\/","title":{"rendered":"Espectaculares viviendas de lujo situadas en el coraz\u00f3n de la Milla de Oro en Marbella."},"content":{"rendered":"<div class=\"elementor-element elementor-element-63475d4e elementor-widget elementor-widget-heading\" data-id=\"63475d4e\" data-element_type=\"widget\" data-widget_type=\"heading.default\">\n<div class=\"elementor-widget-container\">\n<h3 class=\"elementor-heading-title elementor-size-default\">Espectaculares viviendas de lujo situadas en el coraz\u00f3n de la Milla de Oro en Marbella.<\/h3>\n<\/div>\n<\/div>\n<div class=\"elementor-element elementor-element-2c1a1517 elementor-widget elementor-widget-text-editor\" data-id=\"2c1a1517\" data-element_type=\"widget\" data-widget_type=\"text-editor.default\">\n<div class=\"elementor-widget-container\">\n<p>Apartamentos y D\u00faplex de 3 a 8 dormitorios.<br \/>\nDe 400 a 1000 metros construidos<br \/>\nTechos altos<br \/>\nVistas al mar y monta\u00f1a<br \/>\nAmplias terrazas<br \/>\nPiscinas privadas<\/p>\n<\/div>\n<\/div>\n<div class=\"elementor-element elementor-element-317827a elementor-widget elementor-widget-spacer\" data-id=\"317827a\" data-element_type=\"widget\" data-widget_type=\"spacer.default\">\n<div class=\"elementor-widget-container\">\n<div class=\"elementor-spacer\">\n<div class=\"elementor-spacer-inner\">\n<h2 class=\"elementor-cta__title elementor-cta__content-item elementor-content-item\">Precios desde 3.750.000 \u20ac a 6.550.000 \u20ac<\/h2>\n<\/div>\n<\/div>\n<\/div>\n<\/div>\n<div class=\"elementor-element elementor-element-2cb3f7be elementor-widget elementor-widget-heading\" data-id=\"2cb3f7be\" data-element_type=\"widget\" data-widget_type=\"heading.default\">\n<div class=\"elementor-widget-container\">\n<h3 class=\"elementor-heading-title elementor-size-default\">Zonas comunes :<\/h3>\n<\/div>\n<\/div>\n<div class=\"elementor-element elementor-element-69422bb1 elementor-widget elementor-widget-text-editor\" data-id=\"69422bb1\" data-element_type=\"widget\" data-widget_type=\"text-editor.default\">\n<div class=\"elementor-widget-container\">\n<p>Spa con piscina<br \/>\nGimnasio equipado por Technogym<br \/>\nClub social<br \/>\nRestaurante de primer nivel<br \/>\nZona Co-working<br \/>\nCentro de deportes ( baloncesto, simulador Golf, crossfit, yoga, pilates )<\/p>\n<\/div>\n<\/div>\n","protected":false},"excerpt":{"rendered":"<p>Espectaculares viviendas de lujo situadas en el coraz\u00f3n de la Milla de Oro en Marbella. Apartamentos y D\u00faplex de 3 a 8 dormitorios. De 400 a 1000 metros construidos Techos altos Vistas al mar y monta\u00f1a Amplias terrazas Piscinas privadas Precios desde 3.750.000 \u20ac a 6.550.000 \u20ac Zonas comunes : Spa con piscina Gimnasio equipado [&hellip;]<\/p>\n","protected":false},"featured_media":73749,"comment_status":"open","ping_status":"closed","template":"","meta":{"_et_pb_use_builder":"","_et_pb_old_content":"","_et_gb_content_width":""},"product_brand":[],"product_cat":[202],"product_tag":[],"class_list":{"0":"post-73988","1":"product","2":"type-product","3":"status-publish","4":"has-post-thumbnail","6":"product_cat-sin-categorizar","8":"first","9":"instock","10":"shipping-taxable","11":"purchasable","12":"product-type-simple"},"_links":{"self":[{"href":"https:\/\/salmarwoo.multiplikate.com\/index.php\/wp-json\/wp\/v2\/product\/73988","targetHints":{"allow":["GET"]}}],"collection":[{"href":"https:\/\/salmarwoo.multiplikate.com\/index.php\/wp-json\/wp\/v2\/product"}],"about":[{"href":"https:\/\/salmarwoo.multiplikate.com\/index.php\/wp-json\/wp\/v2\/types\/product"}],"replies":[{"embeddable":true,"href":"https:\/\/salmarwoo.multiplikate.com\/index.php\/wp-json\/wp\/v2\/comments?post=73988"}],"wp:featuredmedia":[{"embeddable":true,"href":"https:\/\/salmarwoo.multiplikate.com\/index.php\/wp-json\/wp\/v2\/media\/73749"}],"wp:attachment":[{"href":"https:\/\/salmarwoo.multiplikate.com\/index.php\/wp-json\/wp\/v2\/media?parent=73988"}],"wp:term":[{"taxonomy":"product_brand","embeddable":true,"href":"https:\/\/salmarwoo.multiplikate.com\/index.php\/wp-json\/wp\/v2\/product_brand?post=73988"},{"taxonomy":"product_cat","embeddable":true,"href":"https:\/\/salmarwoo.multiplikate.com\/index.php\/wp-json\/wp\/v2\/product_cat?post=73988"},{"taxonomy":"product_tag","embeddable":true,"href":"https:\/\/salmarwoo.multiplikate.com\/index.php\/wp-json\/wp\/v2\/product_tag?post=73988"}],"curies":[{"name":"wp","href":"https:\/\/api.w.org\/{rel}","templated":true}]}}