{"id":73989,"date":"2026-04-16T22:04:45","date_gmt":"2026-04-16T22:04:45","guid":{"rendered":"https:\/\/salmarwoo.multiplikate.com\/?post_type=product&#038;p=73989"},"modified":"2026-04-17T09:34:02","modified_gmt":"2026-04-17T09:34:02","slug":"viviendas-de-lujo-en-malaga-2","status":"publish","type":"product","link":"https:\/\/salmarwoo.multiplikate.com\/index.php\/producto\/viviendas-de-lujo-en-malaga-2\/","title":{"rendered":"Viviendas de lujo en Ma\u0301laga"},"content":{"rendered":"<div class=\"elementor-element elementor-element-63475d4e elementor-widget elementor-widget-heading\" data-id=\"63475d4e\" data-element_type=\"widget\" data-widget_type=\"heading.default\">\n<div class=\"elementor-widget-container\">\n<h3 class=\"elementor-heading-title elementor-size-default\">Viviendas en primera l\u00ednea de playa en M\u00e1laga<\/h3>\n<\/div>\n<\/div>\n<div class=\"elementor-element elementor-element-2c1a1517 elementor-widget elementor-widget-text-editor\" data-id=\"2c1a1517\" data-element_type=\"widget\" data-widget_type=\"text-editor.default\">\n<div class=\"elementor-widget-container\">\n<p>Viviendas con vistas panor\u00e1micas al mar de 3 y 4 dormitorios.<br \/>\nZonas comunes y servicios exclusivos.<\/p>\n<\/div>\n<\/div>\n<div class=\"elementor-element elementor-element-317827a elementor-widget elementor-widget-spacer\" data-id=\"317827a\" data-element_type=\"widget\" data-widget_type=\"spacer.default\">\n<div class=\"elementor-widget-container\">\n<div class=\"elementor-spacer\">\n<div class=\"elementor-spacer-inner\"><\/div>\n<\/div>\n<\/div>\n<\/div>\n<div class=\"elementor-element elementor-element-2cb3f7be elementor-widget elementor-widget-heading\" data-id=\"2cb3f7be\" data-element_type=\"widget\" data-widget_type=\"heading.default\">\n<div class=\"elementor-widget-container\">\n<h3 class=\"elementor-heading-title elementor-size-default\">Primer residencial cardio protegido<\/h3>\n<\/div>\n<\/div>\n<div class=\"elementor-element elementor-element-69422bb1 elementor-widget elementor-widget-text-editor\" data-id=\"69422bb1\" data-element_type=\"widget\" data-widget_type=\"text-editor.default\">\n<div class=\"elementor-widget-container\">\n<p>A solo 10 minutos del aeropuerto internacional.<br \/>\nA 15 minutos del centro hist\u00f3rico de M\u00e1laga.<br \/>\nCalidades propias de una villa de lujo.<\/p>\n<\/div>\n<\/div>\n<div class=\"elementor-element elementor-element-66be333e elementor-widget elementor-widget-spacer\" data-id=\"66be333e\" data-element_type=\"widget\" data-widget_type=\"spacer.default\">\n<div class=\"elementor-widget-container\">\n<div class=\"elementor-spacer\">\n<div class=\"elementor-spacer-inner\"><\/div>\n<\/div>\n<\/div>\n<\/div>\n<div class=\"elementor-element elementor-element-ba14714 elementor-widget elementor-widget-heading\" data-id=\"ba14714\" data-element_type=\"widget\" data-widget_type=\"heading.default\">\n<div class=\"elementor-widget-container\">\n<h3 class=\"elementor-heading-title elementor-size-default\">Servicios e Instalaciones<\/h3>\n<\/div>\n<\/div>\n<div class=\"elementor-element elementor-element-35b594ea elementor-widget elementor-widget-text-editor\" data-id=\"35b594ea\" data-element_type=\"widget\" data-widget_type=\"text-editor.default\">\n<div class=\"elementor-widget-container\">\n<p>\u2013 Seguridad 24 horas<br \/>\n\u2013 Servicio de conserjer\u00eda<br \/>\n\u2013 Zona de co-working<br \/>\n\u2013 Enfermer\u00eda<br \/>\n\u2013 Ludoteca y sala audiovisual<br \/>\n\u2013 Amplio gimnasio equipado<br \/>\n\u2013 Piscina exterior e interior climatizada<br \/>\n\u2013 Solarium con piscina infinity<br \/>\n\u2013 Pool bar en planta \u00e1tico<br \/>\n\u2013 APP exclusiva para residentes<br \/>\n\u2013 Preinstalaci\u00f3n para carga de veh\u00edculos el\u00e9ctricos<\/p>\n<\/div>\n<\/div>\n","protected":false},"excerpt":{"rendered":"<p>Viviendas en primera l\u00ednea de playa en M\u00e1laga Viviendas con vistas panor\u00e1micas al mar de 3 y 4 dormitorios. Zonas comunes y servicios exclusivos. Primer residencial cardio protegido A solo 10 minutos del aeropuerto internacional. A 15 minutos del centro hist\u00f3rico de M\u00e1laga. Calidades propias de una villa de lujo. Servicios e Instalaciones \u2013 Seguridad [&hellip;]<\/p>\n","protected":false},"featured_media":73897,"comment_status":"open","ping_status":"closed","template":"","meta":{"_et_pb_use_builder":"","_et_pb_old_content":"","_et_gb_content_width":""},"product_brand":[],"product_cat":[203],"product_tag":[],"class_list":{"0":"post-73989","1":"product","2":"type-product","3":"status-publish","4":"has-post-thumbnail","6":"product_cat-obra-nueva","8":"first","9":"instock","10":"shipping-taxable","11":"purchasable","12":"product-type-simple"},"_links":{"self":[{"href":"https:\/\/salmarwoo.multiplikate.com\/index.php\/wp-json\/wp\/v2\/product\/73989","targetHints":{"allow":["GET"]}}],"collection":[{"href":"https:\/\/salmarwoo.multiplikate.com\/index.php\/wp-json\/wp\/v2\/product"}],"about":[{"href":"https:\/\/salmarwoo.multiplikate.com\/index.php\/wp-json\/wp\/v2\/types\/product"}],"replies":[{"embeddable":true,"href":"https:\/\/salmarwoo.multiplikate.com\/index.php\/wp-json\/wp\/v2\/comments?post=73989"}],"wp:featuredmedia":[{"embeddable":true,"href":"https:\/\/salmarwoo.multiplikate.com\/index.php\/wp-json\/wp\/v2\/media\/73897"}],"wp:attachment":[{"href":"https:\/\/salmarwoo.multiplikate.com\/index.php\/wp-json\/wp\/v2\/media?parent=73989"}],"wp:term":[{"taxonomy":"product_brand","embeddable":true,"href":"https:\/\/salmarwoo.multiplikate.com\/index.php\/wp-json\/wp\/v2\/product_brand?post=73989"},{"taxonomy":"product_cat","embeddable":true,"href":"https:\/\/salmarwoo.multiplikate.com\/index.php\/wp-json\/wp\/v2\/product_cat?post=73989"},{"taxonomy":"product_tag","embeddable":true,"href":"https:\/\/salmarwoo.multiplikate.com\/index.php\/wp-json\/wp\/v2\/product_tag?post=73989"}],"curies":[{"name":"wp","href":"https:\/\/api.w.org\/{rel}","templated":true}]}}