{"id":73997,"date":"2026-04-17T10:12:06","date_gmt":"2026-04-17T10:12:06","guid":{"rendered":"https:\/\/salmarwoo.multiplikate.com\/?post_type=product&#038;p=73997"},"modified":"2026-04-17T10:12:06","modified_gmt":"2026-04-17T10:12:06","slug":"complejo-residencial-a-2-minutos-andando-de-la-playa-en-mijas","status":"publish","type":"product","link":"https:\/\/salmarwoo.multiplikate.com\/index.php\/producto\/complejo-residencial-a-2-minutos-andando-de-la-playa-en-mijas\/","title":{"rendered":"Complejo Residencial a 2 minutos andando de la Playa en Mijas"},"content":{"rendered":"<div class=\"elementor-element elementor-element-63475d4e elementor-widget elementor-widget-heading\" data-id=\"63475d4e\" data-element_type=\"widget\" data-widget_type=\"heading.default\">\n<div class=\"elementor-widget-container\">\n<h3 class=\"elementor-heading-title elementor-size-default\">Un complejo residencial cerrado, moderno y funcional, un lugar id\u00f3neo donde vivir.<\/h3>\n<\/div>\n<\/div>\n<div class=\"elementor-element elementor-element-2c1a1517 elementor-widget elementor-widget-text-editor\" data-id=\"2c1a1517\" data-element_type=\"widget\" data-widget_type=\"text-editor.default\">\n<div class=\"elementor-widget-container\">\n<p>La promoci\u00f3n consta de 72 viviendas de 2, 3 y 4 dormitorios, distribuidas en planta baja, primera, segunda y \u00e1tico. Todas las viviendas presentan una orientaci\u00f3n al sur o suroeste y vistas al mar en un gran n\u00famero de ellas. Adem\u00e1s, los bajos cuentan con un agradable jard\u00edn y los \u00e1ticos presentan amplias terrazas. Todas las viviendas disponen de al menos una plaza de aparcamiento y trastero.<\/p>\n<\/div>\n<\/div>\n<div class=\"elementor-element elementor-element-317827a elementor-widget elementor-widget-spacer\" data-id=\"317827a\" data-element_type=\"widget\" data-widget_type=\"spacer.default\">\n<div class=\"elementor-widget-container\">\n<div class=\"elementor-spacer\">\n<div class=\"elementor-spacer-inner\"><\/div>\n<\/div>\n<\/div>\n<\/div>\n<div class=\"elementor-element elementor-element-2cb3f7be elementor-widget elementor-widget-heading\" data-id=\"2cb3f7be\" data-element_type=\"widget\" data-widget_type=\"heading.default\">\n<div class=\"elementor-widget-container\">\n<h3 class=\"elementor-heading-title elementor-size-default\">Las zonas comunes son espacios pensados para disfrutar del ocio y del deporte en un entorno tranquilo<\/h3>\n<\/div>\n<\/div>\n<div class=\"elementor-element elementor-element-69422bb1 elementor-widget elementor-widget-text-editor\" data-id=\"69422bb1\" data-element_type=\"widget\" data-widget_type=\"text-editor.default\">\n<div class=\"elementor-widget-container\">\n<p>Podr\u00e1s encontrar excelentes zonas ajardinadas con piscina comunitaria, gimnasio y sala social-gourmet.<br \/>\nHemos cuidado cada detalle para convertir esta promoci\u00f3n en tu futuro hogar, con calidades de primer nivel.<\/p>\n<\/div>\n<\/div>\n<div class=\"elementor-element elementor-element-66be333e elementor-widget elementor-widget-spacer\" data-id=\"66be333e\" data-element_type=\"widget\" data-widget_type=\"spacer.default\">\n<div class=\"elementor-widget-container\">\n<div class=\"elementor-spacer\">\n<div class=\"elementor-spacer-inner\"><\/div>\n<\/div>\n<\/div>\n<\/div>\n<div class=\"elementor-element elementor-element-ba14714 elementor-widget elementor-widget-heading\" data-id=\"ba14714\" data-element_type=\"widget\" data-widget_type=\"heading.default\">\n<div class=\"elementor-widget-container\">\n<h3 class=\"elementor-heading-title elementor-size-default\">Situada en Mijas, entre la Cala de Mijas y Fuengirola, y a tan solo 2 minutos caminando a la playa<\/h3>\n<\/div>\n<\/div>\n<div class=\"elementor-element elementor-element-35b594ea elementor-widget elementor-widget-text-editor\" data-id=\"35b594ea\" data-element_type=\"widget\" data-widget_type=\"text-editor.default\">\n<div class=\"elementor-widget-container\">\n<p>Esta promoci\u00f3n ofrece muchas oportunidades de ocio y servicio, como son diversos Campos de Golf, a menos de dos kil\u00f3metros de la promoci\u00f3n, centros comerciales, supermercados, restaurantes, un Centro de Salud y varias Farmacias.<br \/>\nLa Cala de Mijas se ubica en un entorno \u00fanico y muy bien comunicado. Conecta con la Autov\u00eda de la Costa del Sol A-7 y se encuentra muy pr\u00f3xima a los accesos de la autov\u00eda de peaje AP-7. Adem\u00e1s, se sit\u00faa a menos de 25 minutos tanto del Aeropuerto Internacional de M\u00e1laga y a 40 minutos en coche de la estaci\u00f3n de tren Mar\u00eda Zambrano.<\/p>\n<\/div>\n<\/div>\n","protected":false},"excerpt":{"rendered":"<p>Un complejo residencial cerrado, moderno y funcional, un lugar id\u00f3neo donde vivir. La promoci\u00f3n consta de 72 viviendas de 2, 3 y 4 dormitorios, distribuidas en planta baja, primera, segunda y \u00e1tico. Todas las viviendas presentan una orientaci\u00f3n al sur o suroeste y vistas al mar en un gran n\u00famero de ellas. Adem\u00e1s, los bajos [&hellip;]<\/p>\n","protected":false},"featured_media":73787,"comment_status":"open","ping_status":"closed","template":"","meta":{"_et_pb_use_builder":"","_et_pb_old_content":"","_et_gb_content_width":""},"product_brand":[],"product_cat":[202],"product_tag":[],"class_list":{"0":"post-73997","1":"product","2":"type-product","3":"status-publish","4":"has-post-thumbnail","6":"product_cat-sin-categorizar","8":"first","9":"instock","10":"shipping-taxable","11":"purchasable","12":"product-type-simple"},"_links":{"self":[{"href":"https:\/\/salmarwoo.multiplikate.com\/index.php\/wp-json\/wp\/v2\/product\/73997","targetHints":{"allow":["GET"]}}],"collection":[{"href":"https:\/\/salmarwoo.multiplikate.com\/index.php\/wp-json\/wp\/v2\/product"}],"about":[{"href":"https:\/\/salmarwoo.multiplikate.com\/index.php\/wp-json\/wp\/v2\/types\/product"}],"replies":[{"embeddable":true,"href":"https:\/\/salmarwoo.multiplikate.com\/index.php\/wp-json\/wp\/v2\/comments?post=73997"}],"wp:featuredmedia":[{"embeddable":true,"href":"https:\/\/salmarwoo.multiplikate.com\/index.php\/wp-json\/wp\/v2\/media\/73787"}],"wp:attachment":[{"href":"https:\/\/salmarwoo.multiplikate.com\/index.php\/wp-json\/wp\/v2\/media?parent=73997"}],"wp:term":[{"taxonomy":"product_brand","embeddable":true,"href":"https:\/\/salmarwoo.multiplikate.com\/index.php\/wp-json\/wp\/v2\/product_brand?post=73997"},{"taxonomy":"product_cat","embeddable":true,"href":"https:\/\/salmarwoo.multiplikate.com\/index.php\/wp-json\/wp\/v2\/product_cat?post=73997"},{"taxonomy":"product_tag","embeddable":true,"href":"https:\/\/salmarwoo.multiplikate.com\/index.php\/wp-json\/wp\/v2\/product_tag?post=73997"}],"curies":[{"name":"wp","href":"https:\/\/api.w.org\/{rel}","templated":true}]}}