{"id":73998,"date":"2026-04-17T10:16:36","date_gmt":"2026-04-17T10:16:36","guid":{"rendered":"https:\/\/salmarwoo.multiplikate.com\/?post_type=product&#038;p=73998"},"modified":"2026-04-17T10:16:36","modified_gmt":"2026-04-17T10:16:36","slug":"viviendas-de-obra-nueva-en-manilva","status":"publish","type":"product","link":"https:\/\/salmarwoo.multiplikate.com\/index.php\/producto\/viviendas-de-obra-nueva-en-manilva\/","title":{"rendered":"Viviendas de Obra Nueva en Manilva"},"content":{"rendered":"<section class=\"elementor-section elementor-top-section elementor-element elementor-element-1901388f elementor-section-boxed elementor-section-height-default elementor-section-height-default\" data-id=\"1901388f\" data-element_type=\"section\">\n<div class=\"elementor-container elementor-column-gap-default\">\n<div class=\"elementor-column elementor-col-100 elementor-top-column elementor-element elementor-element-39a683b5\" data-id=\"39a683b5\" data-element_type=\"column\">\n<div class=\"elementor-widget-wrap elementor-element-populated\">\n<section class=\"elementor-section elementor-inner-section elementor-element elementor-element-c46720e elementor-reverse-tablet elementor-reverse-mobile elementor-section-boxed elementor-section-height-default elementor-section-height-default\" data-id=\"c46720e\" data-element_type=\"section\">\n<div class=\"elementor-container elementor-column-gap-default\">\n<div class=\"elementor-column elementor-col-50 elementor-inner-column elementor-element elementor-element-1f03dd74\" data-id=\"1f03dd74\" data-element_type=\"column\">\n<div class=\"elementor-widget-wrap elementor-element-populated\">\n<div class=\"elementor-element elementor-element-63475d4e elementor-widget elementor-widget-heading\" data-id=\"63475d4e\" data-element_type=\"widget\" data-widget_type=\"heading.default\">\n<div class=\"elementor-widget-container\">\n<h3 class=\"elementor-heading-title elementor-size-default\"><strong>Propiedad ecuestre en venta cerca de Sotogrande con terreno apto para un campo de Polo privado &#8211; Oportunidad \u00fanica<\/strong><\/h3>\n<\/div>\n<\/div>\n<div class=\"elementor-element elementor-element-2c1a1517 elementor-widget elementor-widget-text-editor\" data-id=\"2c1a1517\" data-element_type=\"widget\" data-widget_type=\"text-editor.default\">\n<div class=\"elementor-widget-container\">\n<p><strong>Una propiedad excepcional de calidad superior situada dentro de casi veinte hect\u00e1reas de hermoso campo con maravillosas vistas, a quince minutos del interior de Sotogrande.<\/strong><\/p>\n<p><strong>Esta finca muy elegante, cl\u00e1sica, privada y \u00fanica es perfecta para aquellos que necesitan tranquilidad, discreci\u00f3n y un campo de polo privado u otras instalaciones ecuestres.<\/strong><\/p>\n<p><strong>La parcela, mayormente plana, es perfecta para los caballos. Sin embargo, la elegante casa principal se encuentra en la cima de una colina completamente privada con vistas a la hermosa naturaleza de los alrededores.<\/strong><\/p>\n<\/div>\n<\/div>\n<div class=\"elementor-element elementor-element-317827a elementor-widget elementor-widget-spacer\" data-id=\"317827a\" data-element_type=\"widget\" data-widget_type=\"spacer.default\">\n<div class=\"elementor-widget-container\">\n<div class=\"elementor-spacer\">\n<div class=\"elementor-spacer-inner\"><\/div>\n<\/div>\n<\/div>\n<\/div>\n<div class=\"elementor-element elementor-element-2cb3f7be elementor-widget elementor-widget-heading\" data-id=\"2cb3f7be\" data-element_type=\"widget\" data-widget_type=\"heading.default\">\n<div class=\"elementor-widget-container\">\n<h3 class=\"elementor-heading-title elementor-size-default\"><strong>Esta joya escondida est\u00e1 anidada en el coraz\u00f3n del campo andaluz a s\u00f3lo 10 minutos hacia el interior del pueblo y los campos de polo de San Enrique.<\/strong><\/h3>\n<\/div>\n<\/div>\n<div class=\"elementor-element elementor-element-69422bb1 elementor-widget elementor-widget-text-editor\" data-id=\"69422bb1\" data-element_type=\"widget\" data-widget_type=\"text-editor.default\">\n<div class=\"elementor-widget-container\">\n<p><strong>Se accede a la finca a trav\u00e9s de puertas el\u00e9ctricas y por un gran camino privado, totalmente pavimentado con piedra de Casares.<\/strong><\/p>\n<\/div>\n<\/div>\n<div class=\"elementor-element elementor-element-66be333e elementor-widget elementor-widget-spacer\" data-id=\"66be333e\" data-element_type=\"widget\" data-widget_type=\"spacer.default\">\n<div class=\"elementor-widget-container\">\n<div class=\"elementor-spacer\">\n<div class=\"elementor-spacer-inner\"><\/div>\n<\/div>\n<\/div>\n<\/div>\n<\/div>\n<\/div>\n<\/div>\n<\/section>\n<\/div>\n<\/div>\n<\/div>\n<\/section>\n<section class=\"elementor-section elementor-top-section elementor-element elementor-element-b4b0554 elementor-section-boxed elementor-section-height-default elementor-section-height-default\" data-id=\"b4b0554\" data-element_type=\"section\">\n<div class=\"elementor-container elementor-column-gap-default\">\n<div class=\"elementor-column elementor-col-100 elementor-top-column elementor-element elementor-element-446379e\" data-id=\"446379e\" data-element_type=\"column\">\n<div class=\"elementor-widget-wrap elementor-element-populated\">\n<div class=\"elementor-element elementor-element-52fa80b elementor-widget elementor-widget-text-editor\" data-id=\"52fa80b\" data-element_type=\"widget\" data-widget_type=\"text-editor.default\">\n<div class=\"elementor-widget-container\">\n<p><strong>La entrada principal a la casa es a trav\u00e9s de un patio de estilo andaluz que conduce a un atractivo hall de entrada con guardarropa y puertas dobles a un espectacular sal\u00f3n de techos altos con chimenea y acceso directo a la terraza y el jard\u00edn.<\/strong><\/p>\n<p><strong>Desde el sal\u00f3n hay puertas dobles que conducen a un gran y luminoso comedor con puertas correderas al studio con chimenea.<\/strong><\/p>\n<p><strong>Desde el comedor se encuentra una gran cocina abierta y zona de desayuno con todos los \u00faltimos electrodom\u00e9sticos Bosch y un original Aga.<\/strong><\/p>\n<\/div>\n<\/div>\n<div class=\"elementor-element elementor-element-ba14714 elementor-widget elementor-widget-heading\" data-id=\"ba14714\" data-element_type=\"widget\" data-widget_type=\"heading.default\">\n<div class=\"elementor-widget-container\">\n<h3 class=\"elementor-heading-title elementor-size-default\"><strong>Hay acceso a la terraza principal donde se puede disfrutar de asientos al aire libre y comedor al aire libre con vistas a la piscina y el jard\u00edn y vistas espectaculares.<\/strong><\/h3>\n<\/div>\n<\/div>\n<div class=\"elementor-element elementor-element-2aff991 elementor-widget elementor-widget-text-editor\" data-id=\"2aff991\" data-element_type=\"widget\" data-widget_type=\"text-editor.default\">\n<div class=\"elementor-widget-container\">\n<p><strong>Hay un anexo separado con sauna, hammam, ducha y guardarropa y una escalera de caracol que conduce a un gran dormitorio doble con terraza en la azotea.<\/strong><\/p>\n<p><strong>Tambi\u00e9n hay una suite independiente para hu\u00e9spedes a la que se accede desde el vest\u00edbulo interior o desde el exterior, con dormitorio, cuarto de ducha y sala de estar con cocina abierta.<\/strong><\/p>\n<p><strong>El dormitorio principal tiene un gran vestidor con una excelente gama de armarios y ba\u00f1o en suite con ba\u00f1era y ducha separada. Hay dos dormitorios m\u00e1s, uno con ba\u00f1o en suite con ducha separada que tambi\u00e9n se accede desde el dormitorio principal y el otro con cuarto de ba\u00f1o con ducha.<\/strong><\/p>\n<\/div>\n<\/div>\n<\/div>\n<\/div>\n<\/div>\n<\/section>\n","protected":false},"excerpt":{"rendered":"<p>Propiedad ecuestre en venta cerca de Sotogrande con terreno apto para un campo de Polo privado &#8211; Oportunidad \u00fanica Una propiedad excepcional de calidad superior situada dentro de casi veinte hect\u00e1reas de hermoso campo con maravillosas vistas, a quince minutos del interior de Sotogrande. Esta finca muy elegante, cl\u00e1sica, privada y \u00fanica es perfecta para [&hellip;]<\/p>\n","protected":false},"featured_media":73795,"comment_status":"open","ping_status":"closed","template":"","meta":{"_et_pb_use_builder":"","_et_pb_old_content":"","_et_gb_content_width":""},"product_brand":[],"product_cat":[202],"product_tag":[],"class_list":{"0":"post-73998","1":"product","2":"type-product","3":"status-publish","4":"has-post-thumbnail","6":"product_cat-sin-categorizar","8":"first","9":"instock","10":"shipping-taxable","11":"purchasable","12":"product-type-simple"},"_links":{"self":[{"href":"https:\/\/salmarwoo.multiplikate.com\/index.php\/wp-json\/wp\/v2\/product\/73998","targetHints":{"allow":["GET"]}}],"collection":[{"href":"https:\/\/salmarwoo.multiplikate.com\/index.php\/wp-json\/wp\/v2\/product"}],"about":[{"href":"https:\/\/salmarwoo.multiplikate.com\/index.php\/wp-json\/wp\/v2\/types\/product"}],"replies":[{"embeddable":true,"href":"https:\/\/salmarwoo.multiplikate.com\/index.php\/wp-json\/wp\/v2\/comments?post=73998"}],"wp:featuredmedia":[{"embeddable":true,"href":"https:\/\/salmarwoo.multiplikate.com\/index.php\/wp-json\/wp\/v2\/media\/73795"}],"wp:attachment":[{"href":"https:\/\/salmarwoo.multiplikate.com\/index.php\/wp-json\/wp\/v2\/media?parent=73998"}],"wp:term":[{"taxonomy":"product_brand","embeddable":true,"href":"https:\/\/salmarwoo.multiplikate.com\/index.php\/wp-json\/wp\/v2\/product_brand?post=73998"},{"taxonomy":"product_cat","embeddable":true,"href":"https:\/\/salmarwoo.multiplikate.com\/index.php\/wp-json\/wp\/v2\/product_cat?post=73998"},{"taxonomy":"product_tag","embeddable":true,"href":"https:\/\/salmarwoo.multiplikate.com\/index.php\/wp-json\/wp\/v2\/product_tag?post=73998"}],"curies":[{"name":"wp","href":"https:\/\/api.w.org\/{rel}","templated":true}]}}