{"id":73999,"date":"2026-04-17T10:37:33","date_gmt":"2026-04-17T10:37:33","guid":{"rendered":"https:\/\/salmarwoo.multiplikate.com\/?post_type=product&#038;p=73999"},"modified":"2026-04-17T10:37:33","modified_gmt":"2026-04-17T10:37:33","slug":"pisos-de-2-y-3-dormitorios-en-nueva-milla-de-oro","status":"publish","type":"product","link":"https:\/\/salmarwoo.multiplikate.com\/index.php\/producto\/pisos-de-2-y-3-dormitorios-en-nueva-milla-de-oro\/","title":{"rendered":"Pisos de 2 y 3 dormitorios en Nueva Milla de Oro"},"content":{"rendered":"<section class=\"elementor-section elementor-top-section elementor-element elementor-element-1901388f elementor-section-boxed elementor-section-height-default elementor-section-height-default\" data-id=\"1901388f\" data-element_type=\"section\">\n<div class=\"elementor-container elementor-column-gap-default\">\n<div class=\"elementor-column elementor-col-100 elementor-top-column elementor-element elementor-element-39a683b5\" data-id=\"39a683b5\" data-element_type=\"column\">\n<div class=\"elementor-widget-wrap elementor-element-populated\">\n<section class=\"elementor-section elementor-inner-section elementor-element elementor-element-c46720e elementor-reverse-tablet elementor-reverse-mobile elementor-section-boxed elementor-section-height-default elementor-section-height-default\" data-id=\"c46720e\" data-element_type=\"section\">\n<div class=\"elementor-container elementor-column-gap-default\">\n<div class=\"elementor-column elementor-col-50 elementor-inner-column elementor-element elementor-element-1f03dd74\" data-id=\"1f03dd74\" data-element_type=\"column\">\n<div class=\"elementor-widget-wrap elementor-element-populated\">\n<div class=\"elementor-element elementor-element-63475d4e elementor-widget elementor-widget-heading\" data-id=\"63475d4e\" data-element_type=\"widget\" data-widget_type=\"heading.default\">\n<div class=\"elementor-widget-container\">\n<h3 class=\"elementor-heading-title elementor-size-default\">Mucho m\u00e1s que vistas<\/h3>\n<\/div>\n<\/div>\n<div class=\"elementor-element elementor-element-2c1a1517 elementor-widget elementor-widget-text-editor\" data-id=\"2c1a1517\" data-element_type=\"widget\" data-widget_type=\"text-editor.default\">\n<div class=\"elementor-widget-container\">\n<p>Esta exclusiva promoci\u00f3n ofrece apartamentos y \u00e1ticos de dos y tres dormitorios. Todas las construcciones presentan una est\u00e9tica muy vanguardista y gozan de una ubicaci\u00f3n excepcional en la codiciada Nueva Milla de Oro de Estepona.<\/p>\n<p>La promoci\u00f3n ofrece unas vistas realmente espectaculares al mar y disfrutando de una ubicaci\u00f3n c\u00e9ntrica, cerca de la encantadora localidad de Cancelada, con servicios accesibles andando, y tambi\u00e9n pr\u00f3xima a algunos de los campos de golf m\u00e1s conocidos. Las impresionantes playas de esta franja costera son algunas de las m\u00e1s atractivas de la regi\u00f3n.<\/p>\n<p>Adem\u00e1s, esta exclusiva promoci\u00f3n contempor\u00e1nea se encuentra dentro de un recinto cerrado, por lo que disfrutar\u00e1 de mucho m\u00e1s que de buenas vistas.<\/p>\n<\/div>\n<\/div>\n<div class=\"elementor-element elementor-element-317827a elementor-widget elementor-widget-spacer\" data-id=\"317827a\" data-element_type=\"widget\" data-widget_type=\"spacer.default\">\n<div class=\"elementor-widget-container\">\n<div class=\"elementor-spacer\">\n<div class=\"elementor-spacer-inner\"><\/div>\n<\/div>\n<\/div>\n<\/div>\n<div class=\"elementor-element elementor-element-2cb3f7be elementor-widget elementor-widget-heading\" data-id=\"2cb3f7be\" data-element_type=\"widget\" data-widget_type=\"heading.default\">\n<div class=\"elementor-widget-container\">\n<h3 class=\"elementor-heading-title elementor-size-default\">Esta promoci\u00f3n de viviendas ultra vanguardistas est\u00e1 situada en una posici\u00f3n elevada<\/h3>\n<\/div>\n<\/div>\n<div class=\"elementor-element elementor-element-69422bb1 elementor-widget elementor-widget-text-editor\" data-id=\"69422bb1\" data-element_type=\"widget\" data-widget_type=\"text-editor.default\">\n<div class=\"elementor-widget-container\">\n<p>Se reparte en cinco elegantes bloques de baja altura con orientaci\u00f3n suroeste, para aprovechar al m\u00e1ximo los amaneceres y puestas de sol sobre el Mediterr\u00e1neo. Los chalets adosados se encuentran a un nivel m\u00e1s bajo de los elegantes bloques de apartamentos, por lo que las vistas panor\u00e1micas est\u00e1n garantizadas.<\/p>\n<\/div>\n<\/div>\n<div class=\"elementor-element elementor-element-66be333e elementor-widget elementor-widget-spacer\" data-id=\"66be333e\" data-element_type=\"widget\" data-widget_type=\"spacer.default\">\n<div class=\"elementor-widget-container\">\n<div class=\"elementor-spacer\">\n<div class=\"elementor-spacer-inner\"><\/div>\n<\/div>\n<\/div>\n<\/div>\n<\/div>\n<\/div>\n<\/div>\n<\/section>\n<\/div>\n<\/div>\n<\/div>\n<\/section>\n<section class=\"elementor-section elementor-top-section elementor-element elementor-element-986bd41 elementor-section-boxed elementor-section-height-default elementor-section-height-default\" data-id=\"986bd41\" data-element_type=\"section\">\n<div class=\"elementor-container elementor-column-gap-default\">\n<div class=\"elementor-column elementor-col-100 elementor-top-column elementor-element elementor-element-a4678a2\" data-id=\"a4678a2\" data-element_type=\"column\">\n<div class=\"elementor-widget-wrap elementor-element-populated\">\n<div class=\"elementor-element elementor-element-f3bf4b3 elementor-widget elementor-widget-heading\" data-id=\"f3bf4b3\" data-element_type=\"widget\" data-widget_type=\"heading.default\">\n<div class=\"elementor-widget-container\">\n<h3 class=\"elementor-heading-title elementor-size-default\">Los Apartamentos<\/h3>\n<\/div>\n<\/div>\n<div class=\"elementor-element elementor-element-c8c69c2 elementor-widget elementor-widget-text-editor\" data-id=\"c8c69c2\" data-element_type=\"widget\" data-widget_type=\"text-editor.default\">\n<div class=\"elementor-widget-container\">\n<p>Los apartamentos y \u00e1ticos presentan un dise\u00f1o contempor\u00e1neo de planta abierta y todos disponen de una gran terraza, ideal para cenar al aire libre mientras se contempla las imponentes vistas. Los grandes ventanales permiten que la luz natural ba\u00f1e las espaciosas zonas interiores. Los apartamentos tienen una decoraci\u00f3n neutra en todas las estancias, perfecta para que pueda personalizar su hogar a su gusto. todos los dormitorios son amplios e incluyen armarios empotrados y ba\u00f1os elegantes. Adem\u00e1s, el dormitorio principal ofrece un vestidor y dos lavabos.<\/p>\n<p>Una cocina totalmente equipada con muebles satinados se suma a ese dise\u00f1o de vanguardia que tanto gusta a nuestros clientes internacionales. Los \u00e1ticos disfrutan de un estupendo sol\u00e1rium, donde podr\u00e1 relajarse y descansar en su propio santuario privado.<\/p>\n<\/div>\n<\/div>\n<div class=\"elementor-element elementor-element-e2b327a elementor-widget elementor-widget-heading\" data-id=\"e2b327a\" data-element_type=\"widget\" data-widget_type=\"heading.default\">\n<div class=\"elementor-widget-container\">\n<h3 class=\"elementor-heading-title elementor-size-default\">El Club House<\/h3>\n<\/div>\n<\/div>\n<div class=\"elementor-element elementor-element-df0183d elementor-widget elementor-widget-text-editor\" data-id=\"df0183d\" data-element_type=\"widget\" data-widget_type=\"text-editor.default\">\n<div class=\"elementor-widget-container\">\n<p>Ser propietario de una vivienda en la promoci\u00f3n le regalar\u00e1 la oportunidad de disfrutar del saludable estilo de vida andaluz. Como propietario tendr\u00e1 acceso al exclusivo Club House, que cuenta con una magn\u00edfica selecci\u00f3n de instalaciones de ocio y bienestar, incluyendo cafeter\u00eda, \u00e1reas sociales interiores y un spa, haciendo de esta promoci\u00f3n una oportunidad de inversi\u00f3n inteligente.<\/p>\n<\/div>\n<\/div>\n<div class=\"elementor-element elementor-element-6fae1aa elementor-widget elementor-widget-heading\" data-id=\"6fae1aa\" data-element_type=\"widget\" data-widget_type=\"heading.default\">\n<div class=\"elementor-widget-container\">\n<h3 class=\"elementor-heading-title elementor-size-default\">La Zona<\/h3>\n<\/div>\n<\/div>\n<div class=\"elementor-element elementor-element-16924d3 elementor-widget elementor-widget-text-editor\" data-id=\"16924d3\" data-element_type=\"widget\" data-widget_type=\"text-editor.default\">\n<div class=\"elementor-widget-container\">\n<p>La preciosa localidad de Cancelada tiene el encanto de un pueblo andaluz tradicional y est\u00e1 situado entre dos de los puntos m\u00e1s codiciados de la Costa del Sol: Estepona al oeste y Marbella al este. La promoci\u00f3n est\u00e1 a 5 minutos a pie del pueblo, ubicado en pleno centro de la Nueva Milla de Oro, una zona en la que abundan las propiedades de lujo y los campos de golf de primera categor\u00eda.aaa<\/p>\n<\/div>\n<\/div>\n<\/div>\n<\/div>\n<\/div>\n<\/section>\n","protected":false},"excerpt":{"rendered":"<p>Mucho m\u00e1s que vistas Esta exclusiva promoci\u00f3n ofrece apartamentos y \u00e1ticos de dos y tres dormitorios. Todas las construcciones presentan una est\u00e9tica muy vanguardista y gozan de una ubicaci\u00f3n excepcional en la codiciada Nueva Milla de Oro de Estepona. La promoci\u00f3n ofrece unas vistas realmente espectaculares al mar y disfrutando de una ubicaci\u00f3n c\u00e9ntrica, cerca [&hellip;]<\/p>\n","protected":false},"featured_media":73907,"comment_status":"open","ping_status":"closed","template":"","meta":{"_et_pb_use_builder":"","_et_pb_old_content":"","_et_gb_content_width":""},"product_brand":[],"product_cat":[202],"product_tag":[],"class_list":{"0":"post-73999","1":"product","2":"type-product","3":"status-publish","4":"has-post-thumbnail","6":"product_cat-sin-categorizar","8":"first","9":"instock","10":"shipping-taxable","11":"purchasable","12":"product-type-simple"},"_links":{"self":[{"href":"https:\/\/salmarwoo.multiplikate.com\/index.php\/wp-json\/wp\/v2\/product\/73999","targetHints":{"allow":["GET"]}}],"collection":[{"href":"https:\/\/salmarwoo.multiplikate.com\/index.php\/wp-json\/wp\/v2\/product"}],"about":[{"href":"https:\/\/salmarwoo.multiplikate.com\/index.php\/wp-json\/wp\/v2\/types\/product"}],"replies":[{"embeddable":true,"href":"https:\/\/salmarwoo.multiplikate.com\/index.php\/wp-json\/wp\/v2\/comments?post=73999"}],"wp:featuredmedia":[{"embeddable":true,"href":"https:\/\/salmarwoo.multiplikate.com\/index.php\/wp-json\/wp\/v2\/media\/73907"}],"wp:attachment":[{"href":"https:\/\/salmarwoo.multiplikate.com\/index.php\/wp-json\/wp\/v2\/media?parent=73999"}],"wp:term":[{"taxonomy":"product_brand","embeddable":true,"href":"https:\/\/salmarwoo.multiplikate.com\/index.php\/wp-json\/wp\/v2\/product_brand?post=73999"},{"taxonomy":"product_cat","embeddable":true,"href":"https:\/\/salmarwoo.multiplikate.com\/index.php\/wp-json\/wp\/v2\/product_cat?post=73999"},{"taxonomy":"product_tag","embeddable":true,"href":"https:\/\/salmarwoo.multiplikate.com\/index.php\/wp-json\/wp\/v2\/product_tag?post=73999"}],"curies":[{"name":"wp","href":"https:\/\/api.w.org\/{rel}","templated":true}]}}